{"id":8705,"date":"2025-06-11T11:03:54","date_gmt":"2025-06-11T09:03:54","guid":{"rendered":"https:\/\/www.capoalpianoelba.it\/servizi\/"},"modified":"2025-06-19T14:37:34","modified_gmt":"2025-06-19T12:37:34","slug":"serviceleistungen","status":"publish","type":"page","link":"https:\/\/www.capoalpianoelba.it\/de\/serviceleistungen\/","title":{"rendered":"Serviceleistungen"},"content":{"rendered":"\t\t<div data-elementor-type=\"wp-page\" data-elementor-id=\"8705\" class=\"elementor elementor-8705 elementor-7062\">\n\t\t\t\t<div class=\"elementor-element elementor-element-30d076a e-flex e-con-boxed e-con e-parent\" data-id=\"30d076a\" data-element_type=\"container\">\n\t\t\t\t\t<div class=\"e-con-inner\">\n\t\t\t\t<div class=\"elementor-element elementor-element-a9ef4f0 elementor-widget elementor-widget-text-editor\" data-id=\"a9ef4f0\" data-element_type=\"widget\" data-widget_type=\"text-editor.default\">\n\t\t\t\t<div class=\"elementor-widget-container\">\n\t\t\t\t\t\t\t\t\tT\u00e4glich an deiner Seite\t\t\t\t\t\t\t\t<\/div>\n\t\t\t\t<\/div>\n\t\t\t\t<div class=\"elementor-element elementor-element-208d157 elementor-widget elementor-widget-heading\" data-id=\"208d157\" data-element_type=\"widget\" data-widget_type=\"heading.default\">\n\t\t\t\t<div class=\"elementor-widget-container\">\n\t\t\t\t\t<h2 class=\"elementor-heading-title elementor-size-default\">Fuer einen unbeschwerten und komfortablen Urlaub<\/h2>\t\t\t\t<\/div>\n\t\t\t\t<\/div>\n\t\t\t\t<div class=\"elementor-element elementor-element-8edf339 elementor-widget elementor-widget-text-editor\" data-id=\"8edf339\" data-element_type=\"widget\" data-widget_type=\"text-editor.default\">\n\t\t\t\t<div class=\"elementor-widget-container\">\n\t\t\t\t\t\t\t\t\t<p>Wir stehen dir jederzeit f\u00fcr W\u00fcnsche oder Anliegen zur Verf\u00fcgung \u2013 damit dein Aufenthalt zu einem wirklich unvergesslichen Erlebnis wird. Jeder unserer Tipps soll dir helfen, die Insel Elba mit Leichtigkeit, Neugier und einem Hauch von Staunen zu entdecken.<\/p><p>Unser Haus m\u00f6chte mehr sein als nur eine Unterkunft: ein fester Bezugspunkt f\u00fcr deinen Urlaub, an dem du dich willkommen, gut aufgehoben und mit einem ehrlichen L\u00e4cheln empfangen f\u00fchlst.<\/p>\t\t\t\t\t\t\t\t<\/div>\n\t\t\t\t<\/div>\n\t\t<div class=\"elementor-element elementor-element-6c1c2b1 e-con-full e-grid e-con e-child\" data-id=\"6c1c2b1\" data-element_type=\"container\">\n\t\t<div class=\"elementor-element elementor-element-dc38ecf e-con-full e-flex e-con e-child\" data-id=\"dc38ecf\" data-element_type=\"container\" data-settings=\"{&quot;background_background&quot;:&quot;classic&quot;}\">\n\t\t\t\t<div class=\"elementor-element elementor-element-d89b0ae elementor-widget elementor-widget-image\" data-id=\"d89b0ae\" data-element_type=\"widget\" data-widget_type=\"image.default\">\n\t\t\t\t<div class=\"elementor-widget-container\">\n\t\t\t\t\t\t\t\t\t\t\t\t\t\t\t<img fetchpriority=\"high\" decoding=\"async\" width=\"1280\" height=\"853\" src=\"https:\/\/www.capoalpianoelba.it\/wp-content\/uploads\/2025\/06\/e-bike-noleggio_8645.jpg\" class=\"attachment-full size-full wp-image-8187\" alt=\"E-bike a noleggio\" srcset=\"https:\/\/www.capoalpianoelba.it\/wp-content\/uploads\/2025\/06\/e-bike-noleggio_8645.jpg 1280w, https:\/\/www.capoalpianoelba.it\/wp-content\/uploads\/2025\/06\/e-bike-noleggio_8645-300x200.jpg 300w, https:\/\/www.capoalpianoelba.it\/wp-content\/uploads\/2025\/06\/e-bike-noleggio_8645-1024x682.jpg 1024w, https:\/\/www.capoalpianoelba.it\/wp-content\/uploads\/2025\/06\/e-bike-noleggio_8645-768x512.jpg 768w\" sizes=\"(max-width: 1280px) 100vw, 1280px\" \/>\t\t\t\t\t\t\t\t\t\t\t\t\t\t\t<\/div>\n\t\t\t\t<\/div>\n\t\t<div class=\"elementor-element elementor-element-dd5185d e-con-full e-flex e-con e-child\" data-id=\"dd5185d\" data-element_type=\"container\">\n\t\t\t\t<div class=\"elementor-element elementor-element-62ee415 elementor-widget elementor-widget-heading\" data-id=\"62ee415\" data-element_type=\"widget\" data-widget_type=\"heading.default\">\n\t\t\t\t<div class=\"elementor-widget-container\">\n\t\t\t\t\t<h4 class=\"elementor-heading-title elementor-size-default\">E-Bike-Verleih direkt vor Ort<\/h4>\t\t\t\t<\/div>\n\t\t\t\t<\/div>\n\t\t\t\t<div class=\"elementor-element elementor-element-b1b7db8 elementor-widget elementor-widget-text-editor\" data-id=\"b1b7db8\" data-element_type=\"widget\" data-widget_type=\"text-editor.default\">\n\t\t\t\t<div class=\"elementor-widget-container\">\n\t\t\t\t\t\t\t\t\t<p>F\u00fcr alle Fahrradliebhaber bieten wir einen direkt von uns betriebenen E-Bike-Verleih an.<\/p><p>Eine bequeme und flexible L\u00f6sung, um das weit verzweigte Netz an Wegen und Panoramastrecken der Insel Elba zu erkunden \u2013 und dabei die Landschaft ganz entspannt zu genie\u00dfen.<\/p>\t\t\t\t\t\t\t\t<\/div>\n\t\t\t\t<\/div>\n\t\t\t\t<\/div>\n\t\t\t\t<\/div>\n\t\t<div class=\"elementor-element elementor-element-75921a0 e-con-full e-flex e-con e-child\" data-id=\"75921a0\" data-element_type=\"container\" data-settings=\"{&quot;background_background&quot;:&quot;classic&quot;}\">\n\t\t\t\t<div class=\"elementor-element elementor-element-db65889 elementor-widget elementor-widget-image\" data-id=\"db65889\" data-element_type=\"widget\" data-widget_type=\"image.default\">\n\t\t\t\t<div class=\"elementor-widget-container\">\n\t\t\t\t\t\t\t\t\t\t\t\t\t\t\t<img decoding=\"async\" width=\"1280\" height=\"853\" src=\"https:\/\/www.capoalpianoelba.it\/wp-content\/uploads\/2025\/06\/diving-center_DSC2607.jpg\" class=\"attachment-full size-full wp-image-8107\" alt=\"\" srcset=\"https:\/\/www.capoalpianoelba.it\/wp-content\/uploads\/2025\/06\/diving-center_DSC2607.jpg 1280w, https:\/\/www.capoalpianoelba.it\/wp-content\/uploads\/2025\/06\/diving-center_DSC2607-300x200.jpg 300w, https:\/\/www.capoalpianoelba.it\/wp-content\/uploads\/2025\/06\/diving-center_DSC2607-1024x682.jpg 1024w, https:\/\/www.capoalpianoelba.it\/wp-content\/uploads\/2025\/06\/diving-center_DSC2607-768x512.jpg 768w\" sizes=\"(max-width: 1280px) 100vw, 1280px\" \/>\t\t\t\t\t\t\t\t\t\t\t\t\t\t\t<\/div>\n\t\t\t\t<\/div>\n\t\t<div class=\"elementor-element elementor-element-872eec5 e-con-full e-flex e-con e-child\" data-id=\"872eec5\" data-element_type=\"container\">\n\t\t\t\t<div class=\"elementor-element elementor-element-47e8a03 elementor-widget elementor-widget-heading\" data-id=\"47e8a03\" data-element_type=\"widget\" data-widget_type=\"heading.default\">\n\t\t\t\t<div class=\"elementor-widget-container\">\n\t\t\t\t\t<h4 class=\"elementor-heading-title elementor-size-default\">Diving-Center<\/h4>\t\t\t\t<\/div>\n\t\t\t\t<\/div>\n\t\t\t\t<div class=\"elementor-element elementor-element-b668fee elementor-widget elementor-widget-text-editor\" data-id=\"b668fee\" data-element_type=\"widget\" data-widget_type=\"text-editor.default\">\n\t\t\t\t<div class=\"elementor-widget-container\">\n\t\t\t\t\t\t\t\t\t<p>F\u00fcr Tauchbegeisterte empfehlen wir gerne die besten Tauchzentren der Insel \u2013 ideal, um die faszinierende Unterwasserwelt Elbas mit ihrer reichen Meeresfauna und spannenden Wracks zu entdecken.<\/p>\t\t\t\t\t\t\t\t<\/div>\n\t\t\t\t<\/div>\n\t\t\t\t<\/div>\n\t\t\t\t<\/div>\n\t\t\t\t<\/div>\n\t\t\t\t\t<\/div>\n\t\t\t\t<\/div>\n\t\t<div class=\"elementor-element elementor-element-9714009 e-flex e-con-boxed e-con e-parent\" data-id=\"9714009\" data-element_type=\"container\">\n\t\t\t\t\t<div class=\"e-con-inner\">\n\t\t<div class=\"elementor-element elementor-element-1ed709a e-con-full e-grid e-con e-child\" data-id=\"1ed709a\" data-element_type=\"container\">\n\t\t<div class=\"elementor-element elementor-element-92ae60f e-con-full e-flex e-con e-child\" data-id=\"92ae60f\" data-element_type=\"container\" data-settings=\"{&quot;background_background&quot;:&quot;classic&quot;}\">\n\t\t\t\t<div class=\"elementor-element elementor-element-958e723 elementor-widget elementor-widget-image\" data-id=\"958e723\" data-element_type=\"widget\" data-widget_type=\"image.default\">\n\t\t\t\t<div class=\"elementor-widget-container\">\n\t\t\t\t\t\t\t\t\t\t\t\t\t\t\t<img decoding=\"async\" width=\"1280\" height=\"853\" src=\"https:\/\/www.capoalpianoelba.it\/wp-content\/uploads\/2025\/06\/noleggio-gommoni_2125.jpg\" class=\"attachment-full size-full wp-image-8111\" alt=\"\" srcset=\"https:\/\/www.capoalpianoelba.it\/wp-content\/uploads\/2025\/06\/noleggio-gommoni_2125.jpg 1280w, https:\/\/www.capoalpianoelba.it\/wp-content\/uploads\/2025\/06\/noleggio-gommoni_2125-300x200.jpg 300w, https:\/\/www.capoalpianoelba.it\/wp-content\/uploads\/2025\/06\/noleggio-gommoni_2125-1024x682.jpg 1024w, https:\/\/www.capoalpianoelba.it\/wp-content\/uploads\/2025\/06\/noleggio-gommoni_2125-768x512.jpg 768w\" sizes=\"(max-width: 1280px) 100vw, 1280px\" \/>\t\t\t\t\t\t\t\t\t\t\t\t\t\t\t<\/div>\n\t\t\t\t<\/div>\n\t\t<div class=\"elementor-element elementor-element-f9f9682 e-con-full e-flex e-con e-child\" data-id=\"f9f9682\" data-element_type=\"container\">\n\t\t\t\t<div class=\"elementor-element elementor-element-b716e6b elementor-widget elementor-widget-heading\" data-id=\"b716e6b\" data-element_type=\"widget\" data-widget_type=\"heading.default\">\n\t\t\t\t<div class=\"elementor-widget-container\">\n\t\t\t\t\t<h4 class=\"elementor-heading-title elementor-size-default\">Bootsverleih<\/h4>\t\t\t\t<\/div>\n\t\t\t\t<\/div>\n\t\t\t\t<div class=\"elementor-element elementor-element-fc8acf1 elementor-widget elementor-widget-text-editor\" data-id=\"fc8acf1\" data-element_type=\"widget\" data-widget_type=\"text-editor.default\">\n\t\t\t\t<div class=\"elementor-widget-container\">\n\t\t\t\t\t\t\t\t\tWenn du hingegen an einem Bootsverleih oder an Angelausfl\u00fcgen interessiert bist, vermitteln wir dir gerne erfahrene Fachleute, die auf deine W\u00fcnsche eingehen und dir die Sch\u00f6nheit unseres Meeres auf die bestm\u00f6gliche Weise n\u00e4herbringen.\t\t\t\t\t\t\t\t<\/div>\n\t\t\t\t<\/div>\n\t\t\t\t<\/div>\n\t\t\t\t<\/div>\n\t\t<div class=\"elementor-element elementor-element-756fbed e-con-full e-flex e-con e-child\" data-id=\"756fbed\" data-element_type=\"container\" data-settings=\"{&quot;background_background&quot;:&quot;classic&quot;}\">\n\t\t\t\t<div class=\"elementor-element elementor-element-f1589c8 elementor-widget elementor-widget-image\" data-id=\"f1589c8\" data-element_type=\"widget\" data-widget_type=\"image.default\">\n\t\t\t\t<div class=\"elementor-widget-container\">\n\t\t\t\t\t\t\t\t\t\t\t\t\t\t\t<img loading=\"lazy\" decoding=\"async\" width=\"1280\" height=\"853\" src=\"https:\/\/www.capoalpianoelba.it\/wp-content\/uploads\/2025\/06\/o_noleggio-auto-no-logo.jpg\" class=\"attachment-full size-full wp-image-8109\" alt=\"\" srcset=\"https:\/\/www.capoalpianoelba.it\/wp-content\/uploads\/2025\/06\/o_noleggio-auto-no-logo.jpg 1280w, https:\/\/www.capoalpianoelba.it\/wp-content\/uploads\/2025\/06\/o_noleggio-auto-no-logo-300x200.jpg 300w, https:\/\/www.capoalpianoelba.it\/wp-content\/uploads\/2025\/06\/o_noleggio-auto-no-logo-1024x682.jpg 1024w, https:\/\/www.capoalpianoelba.it\/wp-content\/uploads\/2025\/06\/o_noleggio-auto-no-logo-768x512.jpg 768w\" sizes=\"(max-width: 1280px) 100vw, 1280px\" \/>\t\t\t\t\t\t\t\t\t\t\t\t\t\t\t<\/div>\n\t\t\t\t<\/div>\n\t\t<div class=\"elementor-element elementor-element-ef9f6ed e-con-full e-flex e-con e-child\" data-id=\"ef9f6ed\" data-element_type=\"container\">\n\t\t\t\t<div class=\"elementor-element elementor-element-a735457 elementor-widget elementor-widget-heading\" data-id=\"a735457\" data-element_type=\"widget\" data-widget_type=\"heading.default\">\n\t\t\t\t<div class=\"elementor-widget-container\">\n\t\t\t\t\t<h4 class=\"elementor-heading-title elementor-size-default\">Auto-, Motorrad- und Rollerverleih<\/h4>\t\t\t\t<\/div>\n\t\t\t\t<\/div>\n\t\t\t\t<div class=\"elementor-element elementor-element-956e67b elementor-widget elementor-widget-text-editor\" data-id=\"956e67b\" data-element_type=\"widget\" data-widget_type=\"text-editor.default\">\n\t\t\t\t<div class=\"elementor-widget-container\">\n\t\t\t\t\t\t\t\t\tUm Str\u00e4nde, D\u00f6rfer oder besonders reizvolle Ecken der Insel Elba zu erreichen, helfen wir dir gerne, den passenden Verleihservice f\u00fcr Auto, Roller oder Motorrad zu finden.\n\nSo kannst du dich ganz unabh\u00e4ngig fortbewegen und jeden Winkel der Insel bequem entdecken.\t\t\t\t\t\t\t\t<\/div>\n\t\t\t\t<\/div>\n\t\t\t\t<div class=\"elementor-element elementor-element-b5e9170 elementor-hidden-desktop elementor-hidden-laptop elementor-hidden-tablet_extra elementor-hidden-tablet elementor-hidden-mobile_extra elementor-hidden-mobile elementor-widget-divider--view-line elementor-widget elementor-widget-divider\" data-id=\"b5e9170\" data-element_type=\"widget\" data-widget_type=\"divider.default\">\n\t\t\t\t<div class=\"elementor-widget-container\">\n\t\t\t\t\t\t\t<div class=\"elementor-divider\">\n\t\t\t<span class=\"elementor-divider-separator\">\n\t\t\t\t\t\t<\/span>\n\t\t<\/div>\n\t\t\t\t\t\t<\/div>\n\t\t\t\t<\/div>\n\t\t\t\t<div class=\"elementor-element elementor-element-b2ce09f elementor-hidden-desktop elementor-hidden-laptop elementor-hidden-tablet_extra elementor-hidden-tablet elementor-hidden-mobile_extra elementor-hidden-mobile elementor-widget elementor-widget-heading\" data-id=\"b2ce09f\" data-element_type=\"widget\" data-widget_type=\"heading.default\">\n\t\t\t\t<div class=\"elementor-widget-container\">\n\t\t\t\t\t<div class=\"elementor-heading-title elementor-size-default\">Package includes<\/div>\t\t\t\t<\/div>\n\t\t\t\t<\/div>\n\t\t\t\t<div class=\"elementor-element elementor-element-efe29ee elementor-hidden-desktop elementor-hidden-laptop elementor-hidden-tablet_extra elementor-hidden-tablet elementor-hidden-mobile_extra elementor-hidden-mobile elementor-icon-list--layout-traditional elementor-list-item-link-full_width elementor-widget elementor-widget-icon-list\" data-id=\"efe29ee\" data-element_type=\"widget\" data-widget_type=\"icon-list.default\">\n\t\t\t\t<div class=\"elementor-widget-container\">\n\t\t\t\t\t\t\t<ul class=\"elementor-icon-list-items\">\n\t\t\t\t\t\t\t<li class=\"elementor-icon-list-item\">\n\t\t\t\t\t\t\t\t\t\t\t<span class=\"elementor-icon-list-icon\">\n\t\t\t\t\t\t\t<svg aria-hidden=\"true\" class=\"e-font-icon-svg e-fas-circle\" viewBox=\"0 0 512 512\" xmlns=\"http:\/\/www.w3.org\/2000\/svg\"><path d=\"M256 8C119 8 8 119 8 256s111 248 248 248 248-111 248-248S393 8 256 8z\"><\/path><\/svg>\t\t\t\t\t\t<\/span>\n\t\t\t\t\t\t\t\t\t\t<span class=\"elementor-icon-list-text\">Daily WiFi in room and public areas<\/span>\n\t\t\t\t\t\t\t\t\t<\/li>\n\t\t\t\t\t\t\t\t<li class=\"elementor-icon-list-item\">\n\t\t\t\t\t\t\t\t\t\t\t<span class=\"elementor-icon-list-icon\">\n\t\t\t\t\t\t\t<svg aria-hidden=\"true\" class=\"e-font-icon-svg e-fas-circle\" viewBox=\"0 0 512 512\" xmlns=\"http:\/\/www.w3.org\/2000\/svg\"><path d=\"M256 8C119 8 8 119 8 256s111 248 248 248 248-111 248-248S393 8 256 8z\"><\/path><\/svg>\t\t\t\t\t\t<\/span>\n\t\t\t\t\t\t\t\t\t\t<span class=\"elementor-icon-list-text\">Access to 24-hour Fitness Center<\/span>\n\t\t\t\t\t\t\t\t\t<\/li>\n\t\t\t\t\t\t\t\t<li class=\"elementor-icon-list-item\">\n\t\t\t\t\t\t\t\t\t\t\t<span class=\"elementor-icon-list-icon\">\n\t\t\t\t\t\t\t<svg aria-hidden=\"true\" class=\"e-font-icon-svg e-fas-circle\" viewBox=\"0 0 512 512\" xmlns=\"http:\/\/www.w3.org\/2000\/svg\"><path d=\"M256 8C119 8 8 119 8 256s111 248 248 248 248-111 248-248S393 8 256 8z\"><\/path><\/svg>\t\t\t\t\t\t<\/span>\n\t\t\t\t\t\t\t\t\t\t<span class=\"elementor-icon-list-text\">Access to 24-hours Business Center<\/span>\n\t\t\t\t\t\t\t\t\t<\/li>\n\t\t\t\t\t\t\t\t<li class=\"elementor-icon-list-item\">\n\t\t\t\t\t\t\t\t\t\t\t<span class=\"elementor-icon-list-icon\">\n\t\t\t\t\t\t\t<svg aria-hidden=\"true\" class=\"e-font-icon-svg e-fas-circle\" viewBox=\"0 0 512 512\" xmlns=\"http:\/\/www.w3.org\/2000\/svg\"><path d=\"M256 8C119 8 8 119 8 256s111 248 248 248 248-111 248-248S393 8 256 8z\"><\/path><\/svg>\t\t\t\t\t\t<\/span>\n\t\t\t\t\t\t\t\t\t\t<span class=\"elementor-icon-list-text\">Guided neighborhood walking tours<\/span>\n\t\t\t\t\t\t\t\t\t<\/li>\n\t\t\t\t\t\t<\/ul>\n\t\t\t\t\t\t<\/div>\n\t\t\t\t<\/div>\n\t\t\t\t<div class=\"elementor-element elementor-element-0d22b8c elementor-align-justify elementor-hidden-desktop elementor-hidden-laptop elementor-hidden-tablet_extra elementor-hidden-tablet elementor-hidden-mobile_extra elementor-hidden-mobile elementor-button-default elementor-widget elementor-widget-button\" data-id=\"0d22b8c\" data-element_type=\"widget\" data-widget_type=\"button.default\">\n\t\t\t\t<div class=\"elementor-widget-container\">\n\t\t\t\t\t\t\t\t\t<div class=\"elementor-button-wrapper\">\n\t\t\t\t\t<a class=\"elementor-button elementor-button-link elementor-size-sm\" href=\"https:\/\/www.capoalpianoelba.it\/dining\/\">\n\t\t\t\t\t\t<span class=\"elementor-button-content-wrapper\">\n\t\t\t\t\t\t<span class=\"elementor-button-icon\">\n\t\t\t\t<i aria-hidden=\"true\" class=\"amoja-icon- amoja-icon-arrow-right\"><\/i>\t\t\t<\/span>\n\t\t\t\t\t\t\t\t\t<span class=\"elementor-button-text\">book offer<\/span>\n\t\t\t\t\t<\/span>\n\t\t\t\t\t<\/a>\n\t\t\t\t<\/div>\n\t\t\t\t\t\t\t\t<\/div>\n\t\t\t\t<\/div>\n\t\t\t\t<\/div>\n\t\t\t\t<\/div>\n\t\t\t\t<\/div>\n\t\t\t\t\t<\/div>\n\t\t\t\t<\/div>\n\t\t\t\t<\/div>\n\t\t","protected":false},"excerpt":{"rendered":"<p>T\u00e4glich an deiner Seite Fuer einen unbeschwerten und komfortablen Urlaub Wir stehen dir jederzeit f\u00fcr W\u00fcnsche oder Anliegen zur Verf\u00fcgung \u2013 damit dein Aufenthalt zu einem wirklich unvergesslichen Erlebnis wird. Jeder unserer Tipps soll dir helfen, die Insel Elba mit Leichtigkeit, Neugier und einem Hauch von Staunen zu entdecken. Unser Haus m\u00f6chte mehr sein als [&hellip;]<\/p>\n","protected":false},"author":2,"featured_media":0,"parent":0,"menu_order":0,"comment_status":"closed","ping_status":"closed","template":"","meta":{"inline_featured_image":false,"footnotes":""},"class_list":["post-8705","page","type-page","status-publish","hentry"],"_links":{"self":[{"href":"https:\/\/www.capoalpianoelba.it\/de\/wp-json\/wp\/v2\/pages\/8705","targetHints":{"allow":["GET"]}}],"collection":[{"href":"https:\/\/www.capoalpianoelba.it\/de\/wp-json\/wp\/v2\/pages"}],"about":[{"href":"https:\/\/www.capoalpianoelba.it\/de\/wp-json\/wp\/v2\/types\/page"}],"author":[{"embeddable":true,"href":"https:\/\/www.capoalpianoelba.it\/de\/wp-json\/wp\/v2\/users\/2"}],"replies":[{"embeddable":true,"href":"https:\/\/www.capoalpianoelba.it\/de\/wp-json\/wp\/v2\/comments?post=8705"}],"version-history":[{"count":5,"href":"https:\/\/www.capoalpianoelba.it\/de\/wp-json\/wp\/v2\/pages\/8705\/revisions"}],"predecessor-version":[{"id":8722,"href":"https:\/\/www.capoalpianoelba.it\/de\/wp-json\/wp\/v2\/pages\/8705\/revisions\/8722"}],"wp:attachment":[{"href":"https:\/\/www.capoalpianoelba.it\/de\/wp-json\/wp\/v2\/media?parent=8705"}],"curies":[{"name":"wp","href":"https:\/\/api.w.org\/{rel}","templated":true}]}}