{"id":8683,"date":"2025-06-12T11:51:36","date_gmt":"2025-06-12T09:51:36","guid":{"rendered":"https:\/\/www.capoalpianoelba.it\/unsere-zimmer\/camera-mora\/"},"modified":"2025-06-24T09:33:30","modified_gmt":"2025-06-24T07:33:30","slug":"zimmer-mora","status":"publish","type":"page","link":"https:\/\/www.capoalpianoelba.it\/de\/unsere-zimmer\/zimmer-mora\/","title":{"rendered":"Zimmer Mora"},"content":{"rendered":"\t\t<div data-elementor-type=\"wp-page\" data-elementor-id=\"8683\" class=\"elementor elementor-8683 elementor-7359\">\n\t\t\t\t<div class=\"elementor-element elementor-element-fc9e551 e-flex e-con-boxed e-con e-parent\" data-id=\"fc9e551\" data-element_type=\"container\" data-settings=\"{&quot;background_background&quot;:&quot;classic&quot;}\">\n\t\t\t\t\t<div class=\"e-con-inner\">\n\t\t<div class=\"elementor-element elementor-element-0881a2e e-con-full e-flex e-con e-child\" data-id=\"0881a2e\" data-element_type=\"container\">\n\t\t\t\t<div class=\"elementor-element elementor-element-48903d9 elementor-widget elementor-widget-heading\" data-id=\"48903d9\" data-element_type=\"widget\" data-widget_type=\"heading.default\">\n\t\t\t\t<div class=\"elementor-widget-container\">\n\t\t\t\t\t<div class=\"elementor-heading-title elementor-size-default\">Kr\u00e4ftige Farben und Bergblick<\/div>\t\t\t\t<\/div>\n\t\t\t\t<\/div>\n\t\t\t\t<\/div>\n\t\t\t\t<div class=\"elementor-element elementor-element-f8c70ab animated-fast elementor-invisible elementor-widget elementor-widget-heading\" data-id=\"f8c70ab\" data-element_type=\"widget\" data-settings=\"{&quot;_animation&quot;:&quot;opal-move-up&quot;}\" data-widget_type=\"heading.default\">\n\t\t\t\t<div class=\"elementor-widget-container\">\n\t\t\t\t\t<h1 class=\"elementor-heading-title elementor-size-default\">Zimmer Mora<\/h1>\t\t\t\t<\/div>\n\t\t\t\t<\/div>\n\t\t<div class=\"elementor-element elementor-element-127dab6 e-con-full e-grid e-con e-child\" data-id=\"127dab6\" data-element_type=\"container\">\n\t\t\t\t<div class=\"elementor-element elementor-element-407650b elementor-position-left elementor-vertical-align-middle elementor-widget elementor-widget-image-box\" data-id=\"407650b\" data-element_type=\"widget\" data-widget_type=\"image-box.default\">\n\t\t\t\t<div class=\"elementor-widget-container\">\n\t\t\t\t\t<div class=\"elementor-image-box-wrapper\"><figure class=\"elementor-image-box-img\"><img fetchpriority=\"high\" decoding=\"async\" width=\"512\" height=\"512\" src=\"https:\/\/www.capoalpianoelba.it\/wp-content\/uploads\/2025\/06\/people.png\" class=\"attachment-full size-full wp-image-6898\" alt=\"\" srcset=\"https:\/\/www.capoalpianoelba.it\/wp-content\/uploads\/2025\/06\/people.png 512w, https:\/\/www.capoalpianoelba.it\/wp-content\/uploads\/2025\/06\/people-300x300.png 300w, https:\/\/www.capoalpianoelba.it\/wp-content\/uploads\/2025\/06\/people-150x150.png 150w, https:\/\/www.capoalpianoelba.it\/wp-content\/uploads\/2025\/06\/people-500x500.png 500w\" sizes=\"(max-width: 512px) 100vw, 512px\" \/><\/figure><div class=\"elementor-image-box-content\"><p class=\"elementor-image-box-description\">3 G\u00e4ste<\/p><\/div><\/div>\t\t\t\t<\/div>\n\t\t\t\t<\/div>\n\t\t\t\t<div class=\"elementor-element elementor-element-74152dd elementor-position-left elementor-vertical-align-middle elementor-widget elementor-widget-image-box\" data-id=\"74152dd\" data-element_type=\"widget\" data-widget_type=\"image-box.default\">\n\t\t\t\t<div class=\"elementor-widget-container\">\n\t\t\t\t\t<div class=\"elementor-image-box-wrapper\"><figure class=\"elementor-image-box-img\"><img decoding=\"async\" width=\"512\" height=\"512\" src=\"https:\/\/www.capoalpianoelba.it\/wp-content\/uploads\/2025\/06\/bed.png\" class=\"attachment-full size-full wp-image-6501\" alt=\"\" srcset=\"https:\/\/www.capoalpianoelba.it\/wp-content\/uploads\/2025\/06\/bed.png 512w, https:\/\/www.capoalpianoelba.it\/wp-content\/uploads\/2025\/06\/bed-300x300.png 300w, https:\/\/www.capoalpianoelba.it\/wp-content\/uploads\/2025\/06\/bed-150x150.png 150w, https:\/\/www.capoalpianoelba.it\/wp-content\/uploads\/2025\/06\/bed-500x500.png 500w\" sizes=\"(max-width: 512px) 100vw, 512px\" \/><\/figure><div class=\"elementor-image-box-content\"><p class=\"elementor-image-box-description\">1 King-Size-Doppelbett<\/p><\/div><\/div>\t\t\t\t<\/div>\n\t\t\t\t<\/div>\n\t\t\t\t<div class=\"elementor-element elementor-element-3bcecf8 elementor-position-left elementor-vertical-align-middle elementor-widget elementor-widget-image-box\" data-id=\"3bcecf8\" data-element_type=\"widget\" data-widget_type=\"image-box.default\">\n\t\t\t\t<div class=\"elementor-widget-container\">\n\t\t\t\t\t<div class=\"elementor-image-box-wrapper\"><figure class=\"elementor-image-box-img\"><img decoding=\"async\" width=\"512\" height=\"512\" src=\"https:\/\/www.capoalpianoelba.it\/wp-content\/uploads\/2025\/06\/sofa.png\" class=\"attachment-full size-full wp-image-7389\" alt=\"\" srcset=\"https:\/\/www.capoalpianoelba.it\/wp-content\/uploads\/2025\/06\/sofa.png 512w, https:\/\/www.capoalpianoelba.it\/wp-content\/uploads\/2025\/06\/sofa-300x300.png 300w, https:\/\/www.capoalpianoelba.it\/wp-content\/uploads\/2025\/06\/sofa-150x150.png 150w, https:\/\/www.capoalpianoelba.it\/wp-content\/uploads\/2025\/06\/sofa-500x500.png 500w\" sizes=\"(max-width: 512px) 100vw, 512px\" \/><\/figure><div class=\"elementor-image-box-content\"><p class=\"elementor-image-box-description\">1 Schlafsofa \/ Einzelbett<\/p><\/div><\/div>\t\t\t\t<\/div>\n\t\t\t\t<\/div>\n\t\t\t\t<\/div>\n\t\t\t\t<div class=\"elementor-element elementor-element-04c6fbb animated-fast elementor-invisible elementor-widget elementor-widget-text-editor\" data-id=\"04c6fbb\" data-element_type=\"widget\" data-settings=\"{&quot;_animation&quot;:&quot;opal-move-up&quot;,&quot;_animation_delay&quot;:300}\" data-widget_type=\"text-editor.default\">\n\t\t\t\t<div class=\"elementor-widget-container\">\n\t\t\t\t\t\t\t\t\tEin einladendes und helles Zimmer im ersten Stock\t\t\t\t\t\t\t\t<\/div>\n\t\t\t\t<\/div>\n\t\t\t\t<div class=\"elementor-element elementor-element-8d7286e elementor-widget elementor-widget-text-editor\" data-id=\"8d7286e\" data-element_type=\"widget\" data-widget_type=\"text-editor.default\">\n\t\t\t\t<div class=\"elementor-widget-container\">\n\t\t\t\t\t\t\t\t\t<p>Das Zimmer Mora ist ein ger\u00e4umiges Dreibettzimmer im ersten Stock mit wundersch\u00f6nem Blick auf die Berge. Es ist sowohl \u00fcber das Innere der Unterkunft als auch \u00fcber einen separaten Au\u00dfenzugang erreichbar.<\/p><p>In Violettt\u00f6nen eingerichtet, mit liebevollen Details und Stoffen, die an die Frucht erinnern, der es gewidmet ist, pr\u00e4sentiert sich das Zimmer gro\u00dfz\u00fcgig und hell. Es verf\u00fcgt \u00fcber zwei Einzelbetten, die zu einem bequemen King-Size-Doppelbett zusammengestellt werden k\u00f6nnen, sowie \u00fcber ein Schlafsofa, das sich in ein Einzelbett verwandeln l\u00e4sst. Zur Ausstattung geh\u00f6ren au\u00dferdem ein Schreibtisch mit Stuhl, Kofferablage, Klimaanlage, SAT-TV, Minibar und eine kleine begehbare Garderobe.<\/p><p>Das gro\u00dfe private Badezimmer mit Fenster ist mit Dusche und Wandhaartrockner ausgestattet.<\/p><p>Au\u00dferhalb des Zimmers befindet sich ein Wandw\u00e4schest\u00e4nder f\u00fcr Badebekleidung und Handt\u00fccher.<\/p>\t\t\t\t\t\t\t\t<\/div>\n\t\t\t\t<\/div>\n\t\t<div class=\"elementor-element elementor-element-e64c3b5 e-con-full e-flex e-con e-child\" data-id=\"e64c3b5\" data-element_type=\"container\">\n\t\t\t\t<div class=\"elementor-element elementor-element-2ee9f61 elementor-button-outline elementor-widget elementor-widget-button\" data-id=\"2ee9f61\" data-element_type=\"widget\" data-widget_type=\"button.default\">\n\t\t\t\t<div class=\"elementor-widget-container\">\n\t\t\t\t\t\t\t\t\t<div class=\"elementor-button-wrapper\">\n\t\t\t\t\t<a class=\"elementor-button elementor-button-link elementor-size-sm\" href=\"\/de\/kontakte\/\">\n\t\t\t\t\t\t<span class=\"elementor-button-content-wrapper\">\n\t\t\t\t\t\t<span class=\"elementor-button-icon\">\n\t\t\t\t<i aria-hidden=\"true\" class=\"amoja-icon- amoja-icon-arrow-right\"><\/i>\t\t\t<\/span>\n\t\t\t\t\t\t\t\t\t<span class=\"elementor-button-text\">Buchen<\/span>\n\t\t\t\t\t<\/span>\n\t\t\t\t\t<\/a>\n\t\t\t\t<\/div>\n\t\t\t\t\t\t\t\t<\/div>\n\t\t\t\t<\/div>\n\t\t\t\t<div class=\"elementor-element elementor-element-e89cb64 elementor-button-outline elementor-widget elementor-widget-button\" data-id=\"e89cb64\" data-element_type=\"widget\" data-widget_type=\"button.default\">\n\t\t\t\t<div class=\"elementor-widget-container\">\n\t\t\t\t\t\t\t\t\t<div class=\"elementor-button-wrapper\">\n\t\t\t\t\t<a class=\"elementor-button elementor-button-link elementor-size-sm\" href=\"\/de\/unsere-zimmer\/\">\n\t\t\t\t\t\t<span class=\"elementor-button-content-wrapper\">\n\t\t\t\t\t\t<span class=\"elementor-button-icon\">\n\t\t\t\t<i aria-hidden=\"true\" class=\"amoja-icon- amoja-icon-arrow-right\"><\/i>\t\t\t<\/span>\n\t\t\t\t\t\t\t\t\t<span class=\"elementor-button-text\">Alle Zimmer ansehen<\/span>\n\t\t\t\t\t<\/span>\n\t\t\t\t\t<\/a>\n\t\t\t\t<\/div>\n\t\t\t\t\t\t\t\t<\/div>\n\t\t\t\t<\/div>\n\t\t\t\t<div class=\"elementor-element elementor-element-bb5b3af elementor-hidden-mobile elementor-widget-divider--view-line elementor-widget elementor-widget-divider\" data-id=\"bb5b3af\" data-element_type=\"widget\" data-widget_type=\"divider.default\">\n\t\t\t\t<div class=\"elementor-widget-container\">\n\t\t\t\t\t\t\t<div class=\"elementor-divider\">\n\t\t\t<span class=\"elementor-divider-separator\">\n\t\t\t\t\t\t<\/span>\n\t\t<\/div>\n\t\t\t\t\t\t<\/div>\n\t\t\t\t<\/div>\n\t\t\t\t<\/div>\n\t\t\t\t\t<\/div>\n\t\t\t\t<\/div>\n\t\t<div class=\"elementor-element elementor-element-89175fd e-con-full e-flex e-con e-parent\" data-id=\"89175fd\" data-element_type=\"container\" data-settings=\"{&quot;background_background&quot;:&quot;classic&quot;}\">\n\t\t\t\t<div class=\"elementor-element elementor-element-467ceb0 overflow-to-none elementor-pagination-position-outside elementor-widget elementor-widget-amoja-image-carousel\" data-id=\"467ceb0\" data-element_type=\"widget\" data-settings=\"{&quot;slides_to_show&quot;:&quot;2.8&quot;,&quot;spaceBetween&quot;:{&quot;unit&quot;:&quot;px&quot;,&quot;size&quot;:5,&quot;sizes&quot;:[]},&quot;slides_to_show_mobile&quot;:&quot;1&quot;,&quot;spaceBetween_tablet_extra&quot;:{&quot;unit&quot;:&quot;px&quot;,&quot;size&quot;:5,&quot;sizes&quot;:[]},&quot;spaceBetween_tablet&quot;:{&quot;unit&quot;:&quot;px&quot;,&quot;size&quot;:5,&quot;sizes&quot;:[]},&quot;spaceBetween_mobile&quot;:{&quot;unit&quot;:&quot;px&quot;,&quot;size&quot;:0,&quot;sizes&quot;:[]},&quot;speed&quot;:1000,&quot;slides_to_scroll&quot;:&quot;1&quot;,&quot;infinite&quot;:&quot;no&quot;,&quot;navigation&quot;:&quot;dots&quot;,&quot;autoplay&quot;:&quot;no&quot;,&quot;spaceBetween_laptop&quot;:{&quot;unit&quot;:&quot;px&quot;,&quot;size&quot;:&quot;&quot;,&quot;sizes&quot;:[]},&quot;spaceBetween_mobile_extra&quot;:{&quot;unit&quot;:&quot;px&quot;,&quot;size&quot;:&quot;&quot;,&quot;sizes&quot;:[]},&quot;swiper_overflow&quot;:&quot;none&quot;,&quot;enable_scrollbar&quot;:&quot;no&quot;}\" data-widget_type=\"amoja-image-carousel.default\">\n\t\t\t\t<div class=\"elementor-widget-container\">\n\t\t\t\t\t        <div class=\"amoja-swiper swiper \" dir=\"ltr\">\n\n            <div class=\"swiper-wrapper\">\n                                    <div class=\"image-carousel-item grid-item swiper-slide\">\n                                                <a class=\"elementor-clickable\">\n                            <img decoding=\"async\" src=\"https:\/\/www.capoalpianoelba.it\/wp-content\/uploads\/elementor\/thumbs\/capo-al-piano-BB_camera-mora_20250516_110840-1-r771ysc3jhp8mdpisooc1u18rq8n7mx5gtn6ql4d34.jpg\"\n                                 alt=\"Camera Mora - Capo al Piano B&amp;B\"\/>\n                            \n                        <\/a>\n                                            <\/div>\n                                    <div class=\"image-carousel-item grid-item swiper-slide\">\n                                                <a class=\"elementor-clickable\">\n                            <img decoding=\"async\" src=\"https:\/\/www.capoalpianoelba.it\/wp-content\/uploads\/elementor\/thumbs\/capo-al-piano-BB_camera-mora_20250516_111341-r771ypikyzldnjtm95ggccquzkmjkjlygfoqar8jls.jpg\"\n                                 alt=\"Camera Mora - Capo al Piano B&amp;B\"\/>\n                            \n                        <\/a>\n                                            <\/div>\n                                    <div class=\"image-carousel-item grid-item swiper-slide\">\n                                                <a class=\"elementor-clickable\">\n                            <img decoding=\"async\" src=\"https:\/\/www.capoalpianoelba.it\/wp-content\/uploads\/elementor\/thumbs\/capo-al-piano-BB_camera-mora_20250516_111110-r771yre9cnnyarqvy69phc9s6cd9zxtf4ozp9b5r9c.jpg\"\n                                 alt=\"Camera Mora - Capo al Piano B&amp;B\"\/>\n                            \n                        <\/a>\n                                            <\/div>\n                                    <div class=\"image-carousel-item grid-item swiper-slide\">\n                                                <a class=\"elementor-clickable\">\n                            <img decoding=\"async\" src=\"https:\/\/www.capoalpianoelba.it\/wp-content\/uploads\/elementor\/thumbs\/capo-al-piano-BB_camera-mora_20250516_110809-r771yt9xqbqixzo5n72ymbspd440fc0vsyao7v2yww.jpg\"\n                                 alt=\"Camera Mora - Capo al Piano B&amp;B\"\/>\n                            \n                        <\/a>\n                                            <\/div>\n                                    <div class=\"image-carousel-item grid-item swiper-slide\">\n                                                <a class=\"elementor-clickable\">\n                            <img decoding=\"async\" src=\"https:\/\/www.capoalpianoelba.it\/wp-content\/uploads\/elementor\/thumbs\/capo-al-piano-BB_camera-mora_20250516_111145-r771yqgf5tmnz5s93nv2wuibkyhws8poskc7s175fk.jpg\"\n                                 alt=\"Vista dalla finestra di camera Mora - Capo al Piano B&amp;B\"\/>\n                            \n                        <\/a>\n                                            <\/div>\n                                    <div class=\"image-carousel-item grid-item swiper-slide\">\n                                                <a class=\"elementor-clickable\">\n                            <img decoding=\"async\" src=\"https:\/\/www.capoalpianoelba.it\/wp-content\/uploads\/elementor\/thumbs\/capo-al-piano-BB_camera-mora_20250516_110139-r771yu7rx5rt9lmshphl6tk5yhzdn14m52y5p51kqo.jpg\"\n                                 alt=\"Bagno della camera Mora - Capo al Piano B&amp;B\"\/>\n                            \n                        <\/a>\n                                            <\/div>\n                \n            <\/div>\n        <\/div>\n                    <div class=\"swiper-pagination\"><\/div>\n                        \t\t\t\t<\/div>\n\t\t\t\t<\/div>\n\t\t\t\t<\/div>\n\t\t\t\t<\/div>\n\t\t","protected":false},"excerpt":{"rendered":"<p>Kr\u00e4ftige Farben und Bergblick Zimmer Mora 3 G\u00e4ste 1 King-Size-Doppelbett 1 Schlafsofa \/ Einzelbett Ein einladendes und helles Zimmer im ersten Stock Das Zimmer Mora ist ein ger\u00e4umiges Dreibettzimmer im ersten Stock mit wundersch\u00f6nem Blick auf die Berge. Es ist sowohl \u00fcber das Innere der Unterkunft als auch \u00fcber einen separaten Au\u00dfenzugang erreichbar. In Violettt\u00f6nen [&hellip;]<\/p>\n","protected":false},"author":2,"featured_media":0,"parent":8594,"menu_order":0,"comment_status":"closed","ping_status":"closed","template":"","meta":{"inline_featured_image":false,"footnotes":""},"class_list":["post-8683","page","type-page","status-publish","hentry"],"_links":{"self":[{"href":"https:\/\/www.capoalpianoelba.it\/de\/wp-json\/wp\/v2\/pages\/8683","targetHints":{"allow":["GET"]}}],"collection":[{"href":"https:\/\/www.capoalpianoelba.it\/de\/wp-json\/wp\/v2\/pages"}],"about":[{"href":"https:\/\/www.capoalpianoelba.it\/de\/wp-json\/wp\/v2\/types\/page"}],"author":[{"embeddable":true,"href":"https:\/\/www.capoalpianoelba.it\/de\/wp-json\/wp\/v2\/users\/2"}],"replies":[{"embeddable":true,"href":"https:\/\/www.capoalpianoelba.it\/de\/wp-json\/wp\/v2\/comments?post=8683"}],"version-history":[{"count":5,"href":"https:\/\/www.capoalpianoelba.it\/de\/wp-json\/wp\/v2\/pages\/8683\/revisions"}],"predecessor-version":[{"id":9088,"href":"https:\/\/www.capoalpianoelba.it\/de\/wp-json\/wp\/v2\/pages\/8683\/revisions\/9088"}],"up":[{"embeddable":true,"href":"https:\/\/www.capoalpianoelba.it\/de\/wp-json\/wp\/v2\/pages\/8594"}],"wp:attachment":[{"href":"https:\/\/www.capoalpianoelba.it\/de\/wp-json\/wp\/v2\/media?parent=8683"}],"curies":[{"name":"wp","href":"https:\/\/api.w.org\/{rel}","templated":true}]}}