{"id":8681,"date":"2025-06-12T13:40:25","date_gmt":"2025-06-12T11:40:25","guid":{"rendered":"https:\/\/www.capoalpianoelba.it\/unsere-zimmer\/camera-melagrana\/"},"modified":"2025-06-24T09:33:14","modified_gmt":"2025-06-24T07:33:14","slug":"zimmer-melagrana","status":"publish","type":"page","link":"https:\/\/www.capoalpianoelba.it\/de\/unsere-zimmer\/zimmer-melagrana\/","title":{"rendered":"Zimmer Melagrana"},"content":{"rendered":"\t\t<div data-elementor-type=\"wp-page\" data-elementor-id=\"8681\" class=\"elementor elementor-8681 elementor-7499\">\n\t\t\t\t<div class=\"elementor-element elementor-element-fc9e551 e-flex e-con-boxed e-con e-parent\" data-id=\"fc9e551\" data-element_type=\"container\" data-settings=\"{&quot;background_background&quot;:&quot;classic&quot;}\">\n\t\t\t\t\t<div class=\"e-con-inner\">\n\t\t<div class=\"elementor-element elementor-element-0881a2e e-con-full e-flex e-con e-child\" data-id=\"0881a2e\" data-element_type=\"container\">\n\t\t\t\t<div class=\"elementor-element elementor-element-48903d9 elementor-widget elementor-widget-heading\" data-id=\"48903d9\" data-element_type=\"widget\" data-widget_type=\"heading.default\">\n\t\t\t\t<div class=\"elementor-widget-container\">\n\t\t\t\t\t<div class=\"elementor-heading-title elementor-size-default\">Ger\u00e4umig und mit herrlichem Meerblick<\/div>\t\t\t\t<\/div>\n\t\t\t\t<\/div>\n\t\t\t\t<\/div>\n\t\t\t\t<div class=\"elementor-element elementor-element-f8c70ab animated-fast elementor-invisible elementor-widget elementor-widget-heading\" data-id=\"f8c70ab\" data-element_type=\"widget\" data-settings=\"{&quot;_animation&quot;:&quot;opal-move-up&quot;}\" data-widget_type=\"heading.default\">\n\t\t\t\t<div class=\"elementor-widget-container\">\n\t\t\t\t\t<h1 class=\"elementor-heading-title elementor-size-default\">Zimmer Melagrana<\/h1>\t\t\t\t<\/div>\n\t\t\t\t<\/div>\n\t\t<div class=\"elementor-element elementor-element-127dab6 e-con-full e-grid e-con e-child\" data-id=\"127dab6\" data-element_type=\"container\">\n\t\t\t\t<div class=\"elementor-element elementor-element-407650b elementor-position-left elementor-vertical-align-middle elementor-widget elementor-widget-image-box\" data-id=\"407650b\" data-element_type=\"widget\" data-widget_type=\"image-box.default\">\n\t\t\t\t<div class=\"elementor-widget-container\">\n\t\t\t\t\t<div class=\"elementor-image-box-wrapper\"><figure class=\"elementor-image-box-img\"><img fetchpriority=\"high\" decoding=\"async\" width=\"512\" height=\"512\" src=\"https:\/\/www.capoalpianoelba.it\/wp-content\/uploads\/2025\/06\/people.png\" class=\"attachment-full size-full wp-image-6898\" alt=\"\" srcset=\"https:\/\/www.capoalpianoelba.it\/wp-content\/uploads\/2025\/06\/people.png 512w, https:\/\/www.capoalpianoelba.it\/wp-content\/uploads\/2025\/06\/people-300x300.png 300w, https:\/\/www.capoalpianoelba.it\/wp-content\/uploads\/2025\/06\/people-150x150.png 150w, https:\/\/www.capoalpianoelba.it\/wp-content\/uploads\/2025\/06\/people-500x500.png 500w\" sizes=\"(max-width: 512px) 100vw, 512px\" \/><\/figure><div class=\"elementor-image-box-content\"><p class=\"elementor-image-box-description\">3 G\u00e4ste<\/p><\/div><\/div>\t\t\t\t<\/div>\n\t\t\t\t<\/div>\n\t\t\t\t<div class=\"elementor-element elementor-element-74152dd elementor-position-left elementor-vertical-align-middle elementor-widget elementor-widget-image-box\" data-id=\"74152dd\" data-element_type=\"widget\" data-widget_type=\"image-box.default\">\n\t\t\t\t<div class=\"elementor-widget-container\">\n\t\t\t\t\t<div class=\"elementor-image-box-wrapper\"><figure class=\"elementor-image-box-img\"><img decoding=\"async\" width=\"512\" height=\"512\" src=\"https:\/\/www.capoalpianoelba.it\/wp-content\/uploads\/2025\/06\/bed.png\" class=\"attachment-full size-full wp-image-6501\" alt=\"\" srcset=\"https:\/\/www.capoalpianoelba.it\/wp-content\/uploads\/2025\/06\/bed.png 512w, https:\/\/www.capoalpianoelba.it\/wp-content\/uploads\/2025\/06\/bed-300x300.png 300w, https:\/\/www.capoalpianoelba.it\/wp-content\/uploads\/2025\/06\/bed-150x150.png 150w, https:\/\/www.capoalpianoelba.it\/wp-content\/uploads\/2025\/06\/bed-500x500.png 500w\" sizes=\"(max-width: 512px) 100vw, 512px\" \/><\/figure><div class=\"elementor-image-box-content\"><p class=\"elementor-image-box-description\">1 Doppelbett<\/p><\/div><\/div>\t\t\t\t<\/div>\n\t\t\t\t<\/div>\n\t\t\t\t<div class=\"elementor-element elementor-element-3bcecf8 elementor-position-left elementor-vertical-align-middle elementor-widget elementor-widget-image-box\" data-id=\"3bcecf8\" data-element_type=\"widget\" data-widget_type=\"image-box.default\">\n\t\t\t\t<div class=\"elementor-widget-container\">\n\t\t\t\t\t<div class=\"elementor-image-box-wrapper\"><figure class=\"elementor-image-box-img\"><img decoding=\"async\" width=\"512\" height=\"512\" src=\"https:\/\/www.capoalpianoelba.it\/wp-content\/uploads\/2025\/06\/single-bed-1.png\" class=\"attachment-full size-full wp-image-6897\" alt=\"\" srcset=\"https:\/\/www.capoalpianoelba.it\/wp-content\/uploads\/2025\/06\/single-bed-1.png 512w, https:\/\/www.capoalpianoelba.it\/wp-content\/uploads\/2025\/06\/single-bed-1-300x300.png 300w, https:\/\/www.capoalpianoelba.it\/wp-content\/uploads\/2025\/06\/single-bed-1-150x150.png 150w, https:\/\/www.capoalpianoelba.it\/wp-content\/uploads\/2025\/06\/single-bed-1-500x500.png 500w\" sizes=\"(max-width: 512px) 100vw, 512px\" \/><\/figure><div class=\"elementor-image-box-content\"><p class=\"elementor-image-box-description\">1 Einzelbett<\/p><\/div><\/div>\t\t\t\t<\/div>\n\t\t\t\t<\/div>\n\t\t\t\t<\/div>\n\t\t\t\t<div class=\"elementor-element elementor-element-04c6fbb animated-fast elementor-invisible elementor-widget elementor-widget-text-editor\" data-id=\"04c6fbb\" data-element_type=\"widget\" data-settings=\"{&quot;_animation&quot;:&quot;opal-move-up&quot;,&quot;_animation_delay&quot;:300}\" data-widget_type=\"text-editor.default\">\n\t\t\t\t<div class=\"elementor-widget-container\">\n\t\t\t\t\t\t\t\t\t\nDas gr\u00f6\u00dfte Zimmer des B&#038;B, mit Meerblick und warmen Farbt\u00f6nen, die vom Granatapfel inspiriert sind\t\t\t\t\t\t\t\t<\/div>\n\t\t\t\t<\/div>\n\t\t\t\t<div class=\"elementor-element elementor-element-8d7286e elementor-widget elementor-widget-text-editor\" data-id=\"8d7286e\" data-element_type=\"widget\" data-widget_type=\"text-editor.default\">\n\t\t\t\t<div class=\"elementor-widget-container\">\n\t\t\t\t\t\t\t\t\t<p>Das Zimmer Melagrana befindet sich im ersten Stock und ist sowohl \u00fcber eine Au\u00dfentreppe mit separatem Eingang als auch \u00fcber das Innere des Hauses erreichbar. Es ist das gr\u00f6\u00dfte und repr\u00e4sentativste Zimmer der Unterkunft.<\/p><p>Inspiriert vom Granatapfel ist es in Rott\u00f6nen eingerichtet, mit thematisch abgestimmten Accessoires und Details. Es pr\u00e4sentiert sich wie eine kleine Suite, bestehend aus einem Schlafzimmer mit Doppelbett und eigenem Bad sowie einem angrenzenden Raum mit einem Einzelbett.<\/p><p>Eine gro\u00dfe Fensterfront \u00fcber die gesamte Wand bietet einen atemberaubenden Blick auf das Meer und das Dorf Marciana Marina.<\/p><p>Zur Ausstattung geh\u00f6ren ein bequemes Doppelbett, ein Schreibtisch mit Stuhl, Klimaanlage, SAT-TV, begehbare Garderobe, Kofferablage und Minibar. Das Badezimmer mit Fenster verf\u00fcgt \u00fcber eine Dusche und einen Wandhaartrockner.<\/p><p>Vor dem gro\u00dfen Fenster l\u00e4dt ein Tisch mit zwei St\u00fchlen dazu ein, die Aussicht in aller Ruhe zu genie\u00dfen.<\/p>\t\t\t\t\t\t\t\t<\/div>\n\t\t\t\t<\/div>\n\t\t<div class=\"elementor-element elementor-element-aa3a6c1 e-con-full e-flex e-con e-child\" data-id=\"aa3a6c1\" data-element_type=\"container\">\n\t\t\t\t<div class=\"elementor-element elementor-element-b0e3279 elementor-button-outline elementor-widget elementor-widget-button\" data-id=\"b0e3279\" data-element_type=\"widget\" data-widget_type=\"button.default\">\n\t\t\t\t<div class=\"elementor-widget-container\">\n\t\t\t\t\t\t\t\t\t<div class=\"elementor-button-wrapper\">\n\t\t\t\t\t<a class=\"elementor-button elementor-button-link elementor-size-sm\" href=\"\/de\/kontakte\/\">\n\t\t\t\t\t\t<span class=\"elementor-button-content-wrapper\">\n\t\t\t\t\t\t<span class=\"elementor-button-icon\">\n\t\t\t\t<i aria-hidden=\"true\" class=\"amoja-icon- amoja-icon-arrow-right\"><\/i>\t\t\t<\/span>\n\t\t\t\t\t\t\t\t\t<span class=\"elementor-button-text\">Buchen<\/span>\n\t\t\t\t\t<\/span>\n\t\t\t\t\t<\/a>\n\t\t\t\t<\/div>\n\t\t\t\t\t\t\t\t<\/div>\n\t\t\t\t<\/div>\n\t\t\t\t<div class=\"elementor-element elementor-element-3bf8e64 elementor-button-outline elementor-widget elementor-widget-button\" data-id=\"3bf8e64\" data-element_type=\"widget\" data-widget_type=\"button.default\">\n\t\t\t\t<div class=\"elementor-widget-container\">\n\t\t\t\t\t\t\t\t\t<div class=\"elementor-button-wrapper\">\n\t\t\t\t\t<a class=\"elementor-button elementor-button-link elementor-size-sm\" href=\"\/de\/unsere-zimmer\/\">\n\t\t\t\t\t\t<span class=\"elementor-button-content-wrapper\">\n\t\t\t\t\t\t<span class=\"elementor-button-icon\">\n\t\t\t\t<i aria-hidden=\"true\" class=\"amoja-icon- amoja-icon-arrow-right\"><\/i>\t\t\t<\/span>\n\t\t\t\t\t\t\t\t\t<span class=\"elementor-button-text\">Alle Zimmer ansehen<\/span>\n\t\t\t\t\t<\/span>\n\t\t\t\t\t<\/a>\n\t\t\t\t<\/div>\n\t\t\t\t\t\t\t\t<\/div>\n\t\t\t\t<\/div>\n\t\t\t\t<div class=\"elementor-element elementor-element-b97caa6 elementor-hidden-mobile elementor-widget-divider--view-line elementor-widget elementor-widget-divider\" data-id=\"b97caa6\" data-element_type=\"widget\" data-widget_type=\"divider.default\">\n\t\t\t\t<div class=\"elementor-widget-container\">\n\t\t\t\t\t\t\t<div class=\"elementor-divider\">\n\t\t\t<span class=\"elementor-divider-separator\">\n\t\t\t\t\t\t<\/span>\n\t\t<\/div>\n\t\t\t\t\t\t<\/div>\n\t\t\t\t<\/div>\n\t\t\t\t<\/div>\n\t\t\t\t\t<\/div>\n\t\t\t\t<\/div>\n\t\t<div class=\"elementor-element elementor-element-89175fd e-con-full e-flex e-con e-parent\" data-id=\"89175fd\" data-element_type=\"container\" data-settings=\"{&quot;background_background&quot;:&quot;classic&quot;}\">\n\t\t\t\t<div class=\"elementor-element elementor-element-467ceb0 overflow-to-none elementor-pagination-position-outside elementor-widget elementor-widget-amoja-image-carousel\" data-id=\"467ceb0\" data-element_type=\"widget\" data-settings=\"{&quot;slides_to_show&quot;:&quot;2.8&quot;,&quot;spaceBetween&quot;:{&quot;unit&quot;:&quot;px&quot;,&quot;size&quot;:5,&quot;sizes&quot;:[]},&quot;slides_to_show_mobile&quot;:&quot;1&quot;,&quot;spaceBetween_tablet_extra&quot;:{&quot;unit&quot;:&quot;px&quot;,&quot;size&quot;:5,&quot;sizes&quot;:[]},&quot;spaceBetween_tablet&quot;:{&quot;unit&quot;:&quot;px&quot;,&quot;size&quot;:5,&quot;sizes&quot;:[]},&quot;spaceBetween_mobile&quot;:{&quot;unit&quot;:&quot;px&quot;,&quot;size&quot;:0,&quot;sizes&quot;:[]},&quot;speed&quot;:1000,&quot;slides_to_scroll&quot;:&quot;1&quot;,&quot;infinite&quot;:&quot;no&quot;,&quot;navigation&quot;:&quot;dots&quot;,&quot;autoplay&quot;:&quot;no&quot;,&quot;spaceBetween_laptop&quot;:{&quot;unit&quot;:&quot;px&quot;,&quot;size&quot;:&quot;&quot;,&quot;sizes&quot;:[]},&quot;spaceBetween_mobile_extra&quot;:{&quot;unit&quot;:&quot;px&quot;,&quot;size&quot;:&quot;&quot;,&quot;sizes&quot;:[]},&quot;swiper_overflow&quot;:&quot;none&quot;,&quot;enable_scrollbar&quot;:&quot;no&quot;}\" data-widget_type=\"amoja-image-carousel.default\">\n\t\t\t\t<div class=\"elementor-widget-container\">\n\t\t\t\t\t        <div class=\"amoja-swiper swiper \" dir=\"ltr\">\n\n            <div class=\"swiper-wrapper\">\n                                    <div class=\"image-carousel-item grid-item swiper-slide\">\n                                                <a class=\"elementor-clickable\">\n                            <img decoding=\"async\" src=\"https:\/\/www.capoalpianoelba.it\/wp-content\/uploads\/elementor\/thumbs\/capo-al-piano-BB_camera-melagrana_1747837987307-r774h2q00lartyk5kpo8k1t6y57wkzcyjpk89f8zeo.jpg\"\n                                 alt=\"Camera Melagrana con vista su Marciana Marina - Capo al Piano B&amp;B\"\/>\n                            \n                        <\/a>\n                                            <\/div>\n                                    <div class=\"image-carousel-item grid-item swiper-slide\">\n                                                <a class=\"elementor-clickable\">\n                            <img decoding=\"async\" src=\"https:\/\/www.capoalpianoelba.it\/wp-content\/uploads\/elementor\/thumbs\/capo-al-piano-BB_camera-melagrana_20250516_112316-r774h7f6yrh7g0dbt9pdeimhx2kqngvm8ctnnt20jk.jpg\"\n                                 alt=\"Camera Melagrana - Capo al Piano B&amp;B\"\/>\n                            \n                        <\/a>\n                                            <\/div>\n                                    <div class=\"image-carousel-item grid-item swiper-slide\">\n                                                <a class=\"elementor-clickable\">\n                            <img decoding=\"async\" src=\"https:\/\/www.capoalpianoelba.it\/wp-content\/uploads\/elementor\/thumbs\/capo-al-piano-BB_camera-melagrana_20250516_112136-r774h6hcrxfx4eeoyraqu0v1bopdfrrvw8666j3eps.jpg\"\n                                 alt=\"Camera Melagrana - Capo al Piano B&amp;B\"\/>\n                            \n                        <\/a>\n                                            <\/div>\n                                    <div class=\"image-carousel-item grid-item swiper-slide\">\n                                                <a class=\"elementor-clickable\">\n                            <img decoding=\"async\" src=\"https:\/\/www.capoalpianoelba.it\/wp-content\/uploads\/elementor\/thumbs\/capo-al-piano-BB_camera-melagrana_1747837987286-r774h6hcrxfx4eeoyraqu0v1bopdfrrvw8666j3eps.jpg\"\n                                 alt=\"Camera Melagrana con vista su Marciana Marina - Capo al Piano B&amp;B\"\/>\n                            \n                        <\/a>\n                                            <\/div>\n                                    <div class=\"image-carousel-item grid-item swiper-slide\">\n                                                <a class=\"elementor-clickable\">\n                            <img decoding=\"async\" src=\"https:\/\/www.capoalpianoelba.it\/wp-content\/uploads\/elementor\/thumbs\/capo-al-piano-BB_camera-melagrana_20250516_112808-r774h5jil3emssg248w49j3kqau082o5k3iop94sw0.jpg\"\n                                 alt=\"Bagno della camera Melagrana - Capo al Piano B&amp;B\"\/>\n                            \n                        <\/a>\n                                            <\/div>\n                                    <div class=\"image-carousel-item grid-item swiper-slide\">\n                                                <a class=\"elementor-clickable\">\n                            <img decoding=\"async\" src=\"https:\/\/www.capoalpianoelba.it\/wp-content\/uploads\/elementor\/thumbs\/capo-al-piano-BB_camera-melagrana_1747837987248-r774h4loe9dch6hf9qhhp1c44wyn0dkf7yv77z6728.jpg\"\n                                 alt=\"Bagno della camera Melagrana - Capo al Piano B&amp;B\"\/>\n                            \n                        <\/a>\n                                            <\/div>\n                \n            <\/div>\n        <\/div>\n                    <div class=\"swiper-pagination\"><\/div>\n                        \t\t\t\t<\/div>\n\t\t\t\t<\/div>\n\t\t\t\t<\/div>\n\t\t\t\t<\/div>\n\t\t","protected":false},"excerpt":{"rendered":"<p>Ger\u00e4umig und mit herrlichem Meerblick Zimmer Melagrana 3 G\u00e4ste 1 Doppelbett 1 Einzelbett Das gr\u00f6\u00dfte Zimmer des B&#038;B, mit Meerblick und warmen Farbt\u00f6nen, die vom Granatapfel inspiriert sind Das Zimmer Melagrana befindet sich im ersten Stock und ist sowohl \u00fcber eine Au\u00dfentreppe mit separatem Eingang als auch \u00fcber das Innere des Hauses erreichbar. Es ist [&hellip;]<\/p>\n","protected":false},"author":2,"featured_media":0,"parent":8594,"menu_order":0,"comment_status":"closed","ping_status":"closed","template":"","meta":{"inline_featured_image":false,"footnotes":""},"class_list":["post-8681","page","type-page","status-publish","hentry"],"_links":{"self":[{"href":"https:\/\/www.capoalpianoelba.it\/de\/wp-json\/wp\/v2\/pages\/8681","targetHints":{"allow":["GET"]}}],"collection":[{"href":"https:\/\/www.capoalpianoelba.it\/de\/wp-json\/wp\/v2\/pages"}],"about":[{"href":"https:\/\/www.capoalpianoelba.it\/de\/wp-json\/wp\/v2\/types\/page"}],"author":[{"embeddable":true,"href":"https:\/\/www.capoalpianoelba.it\/de\/wp-json\/wp\/v2\/users\/2"}],"replies":[{"embeddable":true,"href":"https:\/\/www.capoalpianoelba.it\/de\/wp-json\/wp\/v2\/comments?post=8681"}],"version-history":[{"count":5,"href":"https:\/\/www.capoalpianoelba.it\/de\/wp-json\/wp\/v2\/pages\/8681\/revisions"}],"predecessor-version":[{"id":9082,"href":"https:\/\/www.capoalpianoelba.it\/de\/wp-json\/wp\/v2\/pages\/8681\/revisions\/9082"}],"up":[{"embeddable":true,"href":"https:\/\/www.capoalpianoelba.it\/de\/wp-json\/wp\/v2\/pages\/8594"}],"wp:attachment":[{"href":"https:\/\/www.capoalpianoelba.it\/de\/wp-json\/wp\/v2\/media?parent=8681"}],"curies":[{"name":"wp","href":"https:\/\/api.w.org\/{rel}","templated":true}]}}