{"id":8679,"date":"2025-06-12T11:29:02","date_gmt":"2025-06-12T09:29:02","guid":{"rendered":"https:\/\/www.capoalpianoelba.it\/unsere-zimmer\/camera-mela\/"},"modified":"2025-06-24T09:33:00","modified_gmt":"2025-06-24T07:33:00","slug":"zimmer-mela","status":"publish","type":"page","link":"https:\/\/www.capoalpianoelba.it\/de\/unsere-zimmer\/zimmer-mela\/","title":{"rendered":"Zimmer Mela"},"content":{"rendered":"\t\t<div data-elementor-type=\"wp-page\" data-elementor-id=\"8679\" class=\"elementor elementor-8679 elementor-7332\">\n\t\t\t\t<div class=\"elementor-element elementor-element-fc9e551 e-flex e-con-boxed e-con e-parent\" data-id=\"fc9e551\" data-element_type=\"container\" data-settings=\"{&quot;background_background&quot;:&quot;classic&quot;}\">\n\t\t\t\t\t<div class=\"e-con-inner\">\n\t\t<div class=\"elementor-element elementor-element-0881a2e e-con-full e-flex e-con e-child\" data-id=\"0881a2e\" data-element_type=\"container\">\n\t\t\t\t<div class=\"elementor-element elementor-element-48903d9 elementor-widget elementor-widget-heading\" data-id=\"48903d9\" data-element_type=\"widget\" data-widget_type=\"heading.default\">\n\t\t\t\t<div class=\"elementor-widget-container\">\n\t\t\t\t\t<div class=\"elementor-heading-title elementor-size-default\">Frisch, ger\u00e4umig und lebendig in den Farben<\/div>\t\t\t\t<\/div>\n\t\t\t\t<\/div>\n\t\t\t\t<\/div>\n\t\t\t\t<div class=\"elementor-element elementor-element-f8c70ab animated-fast elementor-invisible elementor-widget elementor-widget-heading\" data-id=\"f8c70ab\" data-element_type=\"widget\" data-settings=\"{&quot;_animation&quot;:&quot;opal-move-up&quot;}\" data-widget_type=\"heading.default\">\n\t\t\t\t<div class=\"elementor-widget-container\">\n\t\t\t\t\t<h1 class=\"elementor-heading-title elementor-size-default\">Zimmer Mela<\/h1>\t\t\t\t<\/div>\n\t\t\t\t<\/div>\n\t\t<div class=\"elementor-element elementor-element-127dab6 e-con-full e-grid e-con e-child\" data-id=\"127dab6\" data-element_type=\"container\">\n\t\t\t\t<div class=\"elementor-element elementor-element-407650b elementor-position-left elementor-vertical-align-middle elementor-widget elementor-widget-image-box\" data-id=\"407650b\" data-element_type=\"widget\" data-widget_type=\"image-box.default\">\n\t\t\t\t<div class=\"elementor-widget-container\">\n\t\t\t\t\t<div class=\"elementor-image-box-wrapper\"><figure class=\"elementor-image-box-img\"><img fetchpriority=\"high\" decoding=\"async\" width=\"512\" height=\"512\" src=\"https:\/\/www.capoalpianoelba.it\/wp-content\/uploads\/2025\/06\/people.png\" class=\"attachment-full size-full wp-image-6898\" alt=\"\" srcset=\"https:\/\/www.capoalpianoelba.it\/wp-content\/uploads\/2025\/06\/people.png 512w, https:\/\/www.capoalpianoelba.it\/wp-content\/uploads\/2025\/06\/people-300x300.png 300w, https:\/\/www.capoalpianoelba.it\/wp-content\/uploads\/2025\/06\/people-150x150.png 150w, https:\/\/www.capoalpianoelba.it\/wp-content\/uploads\/2025\/06\/people-500x500.png 500w\" sizes=\"(max-width: 512px) 100vw, 512px\" \/><\/figure><div class=\"elementor-image-box-content\"><p class=\"elementor-image-box-description\">4 G\u00e4ste<\/p><\/div><\/div>\t\t\t\t<\/div>\n\t\t\t\t<\/div>\n\t\t\t\t<div class=\"elementor-element elementor-element-74152dd elementor-position-left elementor-vertical-align-middle elementor-widget elementor-widget-image-box\" data-id=\"74152dd\" data-element_type=\"widget\" data-widget_type=\"image-box.default\">\n\t\t\t\t<div class=\"elementor-widget-container\">\n\t\t\t\t\t<div class=\"elementor-image-box-wrapper\"><figure class=\"elementor-image-box-img\"><img decoding=\"async\" width=\"512\" height=\"512\" src=\"https:\/\/www.capoalpianoelba.it\/wp-content\/uploads\/2025\/06\/twin-beds.png\" class=\"attachment-full size-full wp-image-8346\" alt=\"\" srcset=\"https:\/\/www.capoalpianoelba.it\/wp-content\/uploads\/2025\/06\/twin-beds.png 512w, https:\/\/www.capoalpianoelba.it\/wp-content\/uploads\/2025\/06\/twin-beds-300x300.png 300w, https:\/\/www.capoalpianoelba.it\/wp-content\/uploads\/2025\/06\/twin-beds-150x150.png 150w\" sizes=\"(max-width: 512px) 100vw, 512px\" \/><\/figure><div class=\"elementor-image-box-content\"><p class=\"elementor-image-box-description\">2 Einzelbetten<\/p><\/div><\/div>\t\t\t\t<\/div>\n\t\t\t\t<\/div>\n\t\t\t\t<div class=\"elementor-element elementor-element-3bcecf8 elementor-position-left elementor-vertical-align-middle elementor-widget elementor-widget-image-box\" data-id=\"3bcecf8\" data-element_type=\"widget\" data-widget_type=\"image-box.default\">\n\t\t\t\t<div class=\"elementor-widget-container\">\n\t\t\t\t\t<div class=\"elementor-image-box-wrapper\"><figure class=\"elementor-image-box-img\"><img decoding=\"async\" width=\"512\" height=\"512\" src=\"https:\/\/www.capoalpianoelba.it\/wp-content\/uploads\/2025\/06\/bunk-bed.png\" class=\"attachment-full size-full wp-image-7362\" alt=\"\" srcset=\"https:\/\/www.capoalpianoelba.it\/wp-content\/uploads\/2025\/06\/bunk-bed.png 512w, https:\/\/www.capoalpianoelba.it\/wp-content\/uploads\/2025\/06\/bunk-bed-300x300.png 300w, https:\/\/www.capoalpianoelba.it\/wp-content\/uploads\/2025\/06\/bunk-bed-150x150.png 150w, https:\/\/www.capoalpianoelba.it\/wp-content\/uploads\/2025\/06\/bunk-bed-500x500.png 500w\" sizes=\"(max-width: 512px) 100vw, 512px\" \/><\/figure><div class=\"elementor-image-box-content\"><p class=\"elementor-image-box-description\">1 Schlafsofa \/ Etagenbett<\/p><\/div><\/div>\t\t\t\t<\/div>\n\t\t\t\t<\/div>\n\t\t\t\t<\/div>\n\t\t\t\t<div class=\"elementor-element elementor-element-04c6fbb animated-fast elementor-invisible elementor-widget elementor-widget-text-editor\" data-id=\"04c6fbb\" data-element_type=\"widget\" data-settings=\"{&quot;_animation&quot;:&quot;opal-move-up&quot;,&quot;_animation_delay&quot;:300}\" data-widget_type=\"text-editor.default\">\n\t\t\t\t<div class=\"elementor-widget-container\">\n\t\t\t\t\t\t\t\t\tDas Zimmer Mela wurde f\u00fcr Familien oder kleine Gruppen konzipiert\t\t\t\t\t\t\t\t<\/div>\n\t\t\t\t<\/div>\n\t\t\t\t<div class=\"elementor-element elementor-element-8d7286e elementor-widget elementor-widget-text-editor\" data-id=\"8d7286e\" data-element_type=\"widget\" data-widget_type=\"text-editor.default\">\n\t\t\t\t<div class=\"elementor-widget-container\">\n\t\t\t\t\t\t\t\t\t<p>Das Zimmer Mela ist ein Vierbettzimmer im Erdgeschoss mit Blick auf den Garten und einem eigenen Eingang.<\/p><p>Es ist sehr gro\u00dfz\u00fcgig geschnitten und in lebendigem Apfelgr\u00fcn eingerichtet, mit Details und Stoffen, die von der \u201eMela\u201c \u2013 dem Apfel \u2013 inspiriert sind, dem die Zimmergestaltung gewidmet ist.<\/p><p>Ausgestattet ist das Zimmer mit zwei Einzelbetten, die zu einem gro\u00dfen King-Size-Doppelbett kombiniert werden k\u00f6nnen, sowie einem Schlafsofa, das sich in ein Etagenbett mit zwei Einzelbetten verwandeln l\u00e4sst. Zur weiteren Ausstattung geh\u00f6ren ein Schreibtisch mit Stuhl, ein Kleiderschrank, SAT-TV, Minibar, Klimaanlage, Kofferablage und ein eigenes Bad mit Fenster, Dusche und Wandhaartrockner.<\/p><p>Die Terrassent\u00fcr f\u00fchrt auf einen kleinen privaten Au\u00dfenbereich mit Tisch, St\u00fchlen und einem Wandw\u00e4schest\u00e4nder \u2013 ein komfortabler Platz f\u00fcr entspannte Stunden im Freien.<\/p>\t\t\t\t\t\t\t\t<\/div>\n\t\t\t\t<\/div>\n\t\t<div class=\"elementor-element elementor-element-a22cd75 e-con-full e-flex e-con e-child\" data-id=\"a22cd75\" data-element_type=\"container\">\n\t\t\t\t<div class=\"elementor-element elementor-element-f7e68ae elementor-button-outline elementor-widget elementor-widget-button\" data-id=\"f7e68ae\" data-element_type=\"widget\" data-widget_type=\"button.default\">\n\t\t\t\t<div class=\"elementor-widget-container\">\n\t\t\t\t\t\t\t\t\t<div class=\"elementor-button-wrapper\">\n\t\t\t\t\t<a class=\"elementor-button elementor-button-link elementor-size-sm\" href=\"\/de\/kontakte\/\">\n\t\t\t\t\t\t<span class=\"elementor-button-content-wrapper\">\n\t\t\t\t\t\t<span class=\"elementor-button-icon\">\n\t\t\t\t<i aria-hidden=\"true\" class=\"amoja-icon- amoja-icon-arrow-right\"><\/i>\t\t\t<\/span>\n\t\t\t\t\t\t\t\t\t<span class=\"elementor-button-text\">Buchen<\/span>\n\t\t\t\t\t<\/span>\n\t\t\t\t\t<\/a>\n\t\t\t\t<\/div>\n\t\t\t\t\t\t\t\t<\/div>\n\t\t\t\t<\/div>\n\t\t\t\t<div class=\"elementor-element elementor-element-ddeaab1 elementor-button-outline elementor-widget elementor-widget-button\" data-id=\"ddeaab1\" data-element_type=\"widget\" data-widget_type=\"button.default\">\n\t\t\t\t<div class=\"elementor-widget-container\">\n\t\t\t\t\t\t\t\t\t<div class=\"elementor-button-wrapper\">\n\t\t\t\t\t<a class=\"elementor-button elementor-button-link elementor-size-sm\" href=\"\/de\/unsere-zimmer\/\">\n\t\t\t\t\t\t<span class=\"elementor-button-content-wrapper\">\n\t\t\t\t\t\t<span class=\"elementor-button-icon\">\n\t\t\t\t<i aria-hidden=\"true\" class=\"amoja-icon- amoja-icon-arrow-right\"><\/i>\t\t\t<\/span>\n\t\t\t\t\t\t\t\t\t<span class=\"elementor-button-text\">Alle Zimmer ansehen<\/span>\n\t\t\t\t\t<\/span>\n\t\t\t\t\t<\/a>\n\t\t\t\t<\/div>\n\t\t\t\t\t\t\t\t<\/div>\n\t\t\t\t<\/div>\n\t\t\t\t<div class=\"elementor-element elementor-element-1fd7986 elementor-hidden-mobile elementor-widget-divider--view-line elementor-widget elementor-widget-divider\" data-id=\"1fd7986\" data-element_type=\"widget\" data-widget_type=\"divider.default\">\n\t\t\t\t<div class=\"elementor-widget-container\">\n\t\t\t\t\t\t\t<div class=\"elementor-divider\">\n\t\t\t<span class=\"elementor-divider-separator\">\n\t\t\t\t\t\t<\/span>\n\t\t<\/div>\n\t\t\t\t\t\t<\/div>\n\t\t\t\t<\/div>\n\t\t\t\t<\/div>\n\t\t\t\t\t<\/div>\n\t\t\t\t<\/div>\n\t\t<div class=\"elementor-element elementor-element-89175fd e-con-full e-flex e-con e-parent\" data-id=\"89175fd\" data-element_type=\"container\" data-settings=\"{&quot;background_background&quot;:&quot;classic&quot;}\">\n\t\t\t\t<div class=\"elementor-element elementor-element-467ceb0 overflow-to-none elementor-pagination-position-outside elementor-widget elementor-widget-amoja-image-carousel\" data-id=\"467ceb0\" data-element_type=\"widget\" data-settings=\"{&quot;slides_to_show&quot;:&quot;2.8&quot;,&quot;spaceBetween&quot;:{&quot;unit&quot;:&quot;px&quot;,&quot;size&quot;:5,&quot;sizes&quot;:[]},&quot;slides_to_show_mobile&quot;:&quot;1&quot;,&quot;spaceBetween_tablet_extra&quot;:{&quot;unit&quot;:&quot;px&quot;,&quot;size&quot;:5,&quot;sizes&quot;:[]},&quot;spaceBetween_tablet&quot;:{&quot;unit&quot;:&quot;px&quot;,&quot;size&quot;:5,&quot;sizes&quot;:[]},&quot;spaceBetween_mobile&quot;:{&quot;unit&quot;:&quot;px&quot;,&quot;size&quot;:0,&quot;sizes&quot;:[]},&quot;speed&quot;:1000,&quot;slides_to_scroll&quot;:&quot;1&quot;,&quot;infinite&quot;:&quot;no&quot;,&quot;navigation&quot;:&quot;dots&quot;,&quot;autoplay&quot;:&quot;no&quot;,&quot;spaceBetween_laptop&quot;:{&quot;unit&quot;:&quot;px&quot;,&quot;size&quot;:&quot;&quot;,&quot;sizes&quot;:[]},&quot;spaceBetween_mobile_extra&quot;:{&quot;unit&quot;:&quot;px&quot;,&quot;size&quot;:&quot;&quot;,&quot;sizes&quot;:[]},&quot;swiper_overflow&quot;:&quot;none&quot;,&quot;enable_scrollbar&quot;:&quot;no&quot;}\" data-widget_type=\"amoja-image-carousel.default\">\n\t\t\t\t<div class=\"elementor-widget-container\">\n\t\t\t\t\t        <div class=\"amoja-swiper swiper \" dir=\"ltr\">\n\n            <div class=\"swiper-wrapper\">\n                                    <div class=\"image-carousel-item grid-item swiper-slide\">\n                                                <a class=\"elementor-clickable\">\n                            <img decoding=\"async\" src=\"https:\/\/www.capoalpianoelba.it\/wp-content\/uploads\/elementor\/thumbs\/capo-al-piano-BB_camera-mela_20250516_115939-1-r7701q4zep5tls0v2c04crf1jkmso7r4b03wdpio8w.jpg\"\n                                 alt=\"Camera Mela - Capo al Piano B&amp;B\"\/>\n                            \n                        <\/a>\n                                            <\/div>\n                                    <div class=\"image-carousel-item grid-item swiper-slide\">\n                                                <a class=\"elementor-clickable\">\n                            <img decoding=\"async\" src=\"https:\/\/www.capoalpianoelba.it\/wp-content\/uploads\/elementor\/thumbs\/capo-al-piano-BB_camera-mela-20250530-WA0005-r7701vs0jpdjjfso5efvrpzt3vuzyedibs0t9dab7k.jpg\"\n                                 alt=\"Camera Mela - Capo al Piano B&amp;B\"\/>\n                            \n                        <\/a>\n                                            <\/div>\n                                    <div class=\"image-carousel-item grid-item swiper-slide\">\n                                                <a class=\"elementor-clickable\">\n                            <img decoding=\"async\" src=\"https:\/\/www.capoalpianoelba.it\/wp-content\/uploads\/elementor\/thumbs\/capo-al-piano-BB_camera-mela-20250530-WA0004-r7701uu6cvc97tu1aw19788cihzmqp9rzndbs3bpds.jpg\"\n                                 alt=\"Camera Mela - Capo al Piano B&amp;B\"\/>\n                            \n                        <\/a>\n                                            <\/div>\n                                    <div class=\"image-carousel-item grid-item swiper-slide\">\n                                                <a class=\"elementor-clickable\">\n                            <img decoding=\"async\" src=\"https:\/\/www.capoalpianoelba.it\/wp-content\/uploads\/elementor\/thumbs\/capo-al-piano-BB_camera-mela_20250516_120046-r7701r2tlj73xdzhwueqx96i4yi5vwuun4rduzha2o.jpg\"\n                                 alt=\"Camera Mela - Capo al Piano B&amp;B\"\/>\n                            \n                        <\/a>\n                                            <\/div>\n                                    <div class=\"image-carousel-item grid-item swiper-slide\">\n                                                <a class=\"elementor-clickable\">\n                            <img decoding=\"async\" src=\"https:\/\/www.capoalpianoelba.it\/wp-content\/uploads\/elementor\/thumbs\/capo-al-piano-BB_camera-mela-20250530-WA0003-r7701twc61ayw7vegdmmmqgvx449j061nipuatd3k0.jpg\"\n                                 alt=\"Camera Mela - Capo al Piano B&amp;B\"\/>\n                            \n                        <\/a>\n                                            <\/div>\n                                    <div class=\"image-carousel-item grid-item swiper-slide\">\n                                                <a class=\"elementor-clickable\">\n                            <img decoding=\"async\" src=\"https:\/\/www.capoalpianoelba.it\/wp-content\/uploads\/elementor\/thumbs\/capo-al-piano-BB_camera-mela-20230526-WA0027-r7701s0nsd8e8zy4rctdhqxyqcdj3lykz9evc9fvwg.jpg\"\n                                 alt=\"Bagno della camera Mela - Capo al Piano B&amp;B\"\/>\n                            \n                        <\/a>\n                                            <\/div>\n                                    <div class=\"image-carousel-item grid-item swiper-slide\">\n                                                <a class=\"elementor-clickable\">\n                            <img decoding=\"async\" src=\"https:\/\/www.capoalpianoelba.it\/wp-content\/uploads\/elementor\/thumbs\/capo-al-piano-BB_camera-mela-20230526-WA0031-r7701syhz79oklwrlv8028pfbq8wbb2bbe2ctjehq8.jpg\"\n                                 alt=\"Area esterna della camera Mela - Capo al Piano B&amp;B\"\/>\n                            \n                        <\/a>\n                                            <\/div>\n                \n            <\/div>\n        <\/div>\n                    <div class=\"swiper-pagination\"><\/div>\n                        \t\t\t\t<\/div>\n\t\t\t\t<\/div>\n\t\t\t\t<\/div>\n\t\t\t\t<\/div>\n\t\t","protected":false},"excerpt":{"rendered":"<p>Frisch, ger\u00e4umig und lebendig in den Farben Zimmer Mela 4 G\u00e4ste 2 Einzelbetten 1 Schlafsofa \/ Etagenbett Das Zimmer Mela wurde f\u00fcr Familien oder kleine Gruppen konzipiert Das Zimmer Mela ist ein Vierbettzimmer im Erdgeschoss mit Blick auf den Garten und einem eigenen Eingang. Es ist sehr gro\u00dfz\u00fcgig geschnitten und in lebendigem Apfelgr\u00fcn eingerichtet, mit [&hellip;]<\/p>\n","protected":false},"author":2,"featured_media":0,"parent":8594,"menu_order":0,"comment_status":"closed","ping_status":"closed","template":"","meta":{"inline_featured_image":false,"footnotes":""},"class_list":["post-8679","page","type-page","status-publish","hentry"],"_links":{"self":[{"href":"https:\/\/www.capoalpianoelba.it\/de\/wp-json\/wp\/v2\/pages\/8679","targetHints":{"allow":["GET"]}}],"collection":[{"href":"https:\/\/www.capoalpianoelba.it\/de\/wp-json\/wp\/v2\/pages"}],"about":[{"href":"https:\/\/www.capoalpianoelba.it\/de\/wp-json\/wp\/v2\/types\/page"}],"author":[{"embeddable":true,"href":"https:\/\/www.capoalpianoelba.it\/de\/wp-json\/wp\/v2\/users\/2"}],"replies":[{"embeddable":true,"href":"https:\/\/www.capoalpianoelba.it\/de\/wp-json\/wp\/v2\/comments?post=8679"}],"version-history":[{"count":5,"href":"https:\/\/www.capoalpianoelba.it\/de\/wp-json\/wp\/v2\/pages\/8679\/revisions"}],"predecessor-version":[{"id":9076,"href":"https:\/\/www.capoalpianoelba.it\/de\/wp-json\/wp\/v2\/pages\/8679\/revisions\/9076"}],"up":[{"embeddable":true,"href":"https:\/\/www.capoalpianoelba.it\/de\/wp-json\/wp\/v2\/pages\/8594"}],"wp:attachment":[{"href":"https:\/\/www.capoalpianoelba.it\/de\/wp-json\/wp\/v2\/media?parent=8679"}],"curies":[{"name":"wp","href":"https:\/\/api.w.org\/{rel}","templated":true}]}}