{"id":8662,"date":"2025-06-12T12:43:05","date_gmt":"2025-06-12T10:43:05","guid":{"rendered":"https:\/\/www.capoalpianoelba.it\/unsere-zimmer\/camera-brezza-di-mare\/"},"modified":"2025-06-24T09:33:07","modified_gmt":"2025-06-24T07:33:07","slug":"zimmer-brezza-di-mare","status":"publish","type":"page","link":"https:\/\/www.capoalpianoelba.it\/de\/unsere-zimmer\/zimmer-brezza-di-mare\/","title":{"rendered":"Zimmer Brezza di Mare"},"content":{"rendered":"\t\t<div data-elementor-type=\"wp-page\" data-elementor-id=\"8662\" class=\"elementor elementor-8662 elementor-7440\">\n\t\t\t\t<div class=\"elementor-element elementor-element-fc9e551 e-flex e-con-boxed e-con e-parent\" data-id=\"fc9e551\" data-element_type=\"container\" data-settings=\"{&quot;background_background&quot;:&quot;classic&quot;}\">\n\t\t\t\t\t<div class=\"e-con-inner\">\n\t\t<div class=\"elementor-element elementor-element-0881a2e e-con-full e-flex e-con e-child\" data-id=\"0881a2e\" data-element_type=\"container\">\n\t\t\t\t<div class=\"elementor-element elementor-element-48903d9 elementor-widget elementor-widget-heading\" data-id=\"48903d9\" data-element_type=\"widget\" data-widget_type=\"heading.default\">\n\t\t\t\t<div class=\"elementor-widget-container\">\n\t\t\t\t\t<div class=\"elementor-heading-title elementor-size-default\">Inspiriert von den Farben des Meeres<\/div>\t\t\t\t<\/div>\n\t\t\t\t<\/div>\n\t\t\t\t<\/div>\n\t\t\t\t<div class=\"elementor-element elementor-element-f8c70ab animated-fast elementor-invisible elementor-widget elementor-widget-heading\" data-id=\"f8c70ab\" data-element_type=\"widget\" data-settings=\"{&quot;_animation&quot;:&quot;opal-move-up&quot;}\" data-widget_type=\"heading.default\">\n\t\t\t\t<div class=\"elementor-widget-container\">\n\t\t\t\t\t<h1 class=\"elementor-heading-title elementor-size-default\">Zimmer Brezza di Mare<\/h1>\t\t\t\t<\/div>\n\t\t\t\t<\/div>\n\t\t<div class=\"elementor-element elementor-element-127dab6 e-con-full e-grid e-con e-child\" data-id=\"127dab6\" data-element_type=\"container\">\n\t\t\t\t<div class=\"elementor-element elementor-element-407650b elementor-position-left elementor-vertical-align-middle elementor-widget elementor-widget-image-box\" data-id=\"407650b\" data-element_type=\"widget\" data-widget_type=\"image-box.default\">\n\t\t\t\t<div class=\"elementor-widget-container\">\n\t\t\t\t\t<div class=\"elementor-image-box-wrapper\"><figure class=\"elementor-image-box-img\"><img fetchpriority=\"high\" decoding=\"async\" width=\"512\" height=\"512\" src=\"https:\/\/www.capoalpianoelba.it\/wp-content\/uploads\/2025\/06\/people.png\" class=\"attachment-full size-full wp-image-6898\" alt=\"\" srcset=\"https:\/\/www.capoalpianoelba.it\/wp-content\/uploads\/2025\/06\/people.png 512w, https:\/\/www.capoalpianoelba.it\/wp-content\/uploads\/2025\/06\/people-300x300.png 300w, https:\/\/www.capoalpianoelba.it\/wp-content\/uploads\/2025\/06\/people-150x150.png 150w, https:\/\/www.capoalpianoelba.it\/wp-content\/uploads\/2025\/06\/people-500x500.png 500w\" sizes=\"(max-width: 512px) 100vw, 512px\" \/><\/figure><div class=\"elementor-image-box-content\"><p class=\"elementor-image-box-description\">2 G\u00e4ste<\/p><\/div><\/div>\t\t\t\t<\/div>\n\t\t\t\t<\/div>\n\t\t\t\t<div class=\"elementor-element elementor-element-74152dd elementor-position-left elementor-vertical-align-middle elementor-widget elementor-widget-image-box\" data-id=\"74152dd\" data-element_type=\"widget\" data-widget_type=\"image-box.default\">\n\t\t\t\t<div class=\"elementor-widget-container\">\n\t\t\t\t\t<div class=\"elementor-image-box-wrapper\"><figure class=\"elementor-image-box-img\"><img decoding=\"async\" width=\"512\" height=\"512\" src=\"https:\/\/www.capoalpianoelba.it\/wp-content\/uploads\/2025\/06\/bed.png\" class=\"attachment-full size-full wp-image-6501\" alt=\"\" srcset=\"https:\/\/www.capoalpianoelba.it\/wp-content\/uploads\/2025\/06\/bed.png 512w, https:\/\/www.capoalpianoelba.it\/wp-content\/uploads\/2025\/06\/bed-300x300.png 300w, https:\/\/www.capoalpianoelba.it\/wp-content\/uploads\/2025\/06\/bed-150x150.png 150w, https:\/\/www.capoalpianoelba.it\/wp-content\/uploads\/2025\/06\/bed-500x500.png 500w\" sizes=\"(max-width: 512px) 100vw, 512px\" \/><\/figure><div class=\"elementor-image-box-content\"><p class=\"elementor-image-box-description\">1 Doppelbett<\/p><\/div><\/div>\t\t\t\t<\/div>\n\t\t\t\t<\/div>\n\t\t\t\t<\/div>\n\t\t\t\t<div class=\"elementor-element elementor-element-04c6fbb animated-fast elementor-invisible elementor-widget elementor-widget-text-editor\" data-id=\"04c6fbb\" data-element_type=\"widget\" data-settings=\"{&quot;_animation&quot;:&quot;opal-move-up&quot;,&quot;_animation_delay&quot;:300}\" data-widget_type=\"text-editor.default\">\n\t\t\t\t<div class=\"elementor-widget-container\">\n\t\t\t\t\t\t\t\t\tEin Zimmer f\u00fcr entspannte Aufenthalte inmitten der Natur\t\t\t\t\t\t\t\t<\/div>\n\t\t\t\t<\/div>\n\t\t\t\t<div class=\"elementor-element elementor-element-8d7286e elementor-widget elementor-widget-text-editor\" data-id=\"8d7286e\" data-element_type=\"widget\" data-widget_type=\"text-editor.default\">\n\t\t\t\t<div class=\"elementor-widget-container\">\n\t\t\t\t\t\t\t\t\t<p>Das Zimmer Brezza di Mare, das nachtr\u00e4glich zum urspr\u00fcnglichen Geb\u00e4ude hinzugef\u00fcgt wurde, hebt sich bewusst vom Fr\u00fcchtethema der anderen Zimmer ab \u2013 als Hommage an das Meer, das Marciana Marina ma\u00dfgeblich pr\u00e4gt.<\/p><p>Es handelt sich um ein Doppelzimmer im Erdgeschoss mit Blick auf den Garten und separatem Eingang, aber auch Zugang vom Inneren der Unterkunft. Das Zimmer ist in Aquagr\u00fcnt\u00f6nen eingerichtet, mit maritimen Details, die sich in Stoffen und Accessoires widerspiegeln und eine frische, entspannende Atmosph\u00e4re schaffen.<\/p><p>Es verf\u00fcgt \u00fcber ein komfortables Doppelbett, einen Sessel, einen kleinen Schreibtisch mit Stuhl, einen Kleiderschrank, SAT-TV, Klimaanlage, Kofferablage und Minibar.<\/p><p>Das ger\u00e4umige private Badezimmer hat ein Fenster und ist mit Dusche sowie Wandhaartrockner ausgestattet.<\/p><p>Im Au\u00dfenbereich steht ein kleiner, exklusiver Ruhebereich mit Sesseln, Tisch und Wandw\u00e4schest\u00e4nder f\u00fcr Badebekleidung und Handt\u00fccher zur Verf\u00fcgung.<\/p>\t\t\t\t\t\t\t\t<\/div>\n\t\t\t\t<\/div>\n\t\t<div class=\"elementor-element elementor-element-7d6309c e-con-full e-flex e-con e-child\" data-id=\"7d6309c\" data-element_type=\"container\">\n\t\t\t\t<div class=\"elementor-element elementor-element-7315294 elementor-button-outline elementor-widget elementor-widget-button\" data-id=\"7315294\" data-element_type=\"widget\" data-widget_type=\"button.default\">\n\t\t\t\t<div class=\"elementor-widget-container\">\n\t\t\t\t\t\t\t\t\t<div class=\"elementor-button-wrapper\">\n\t\t\t\t\t<a class=\"elementor-button elementor-button-link elementor-size-sm\" href=\"\/de\/kontakte\/\">\n\t\t\t\t\t\t<span class=\"elementor-button-content-wrapper\">\n\t\t\t\t\t\t<span class=\"elementor-button-icon\">\n\t\t\t\t<i aria-hidden=\"true\" class=\"amoja-icon- amoja-icon-arrow-right\"><\/i>\t\t\t<\/span>\n\t\t\t\t\t\t\t\t\t<span class=\"elementor-button-text\">Buchen<\/span>\n\t\t\t\t\t<\/span>\n\t\t\t\t\t<\/a>\n\t\t\t\t<\/div>\n\t\t\t\t\t\t\t\t<\/div>\n\t\t\t\t<\/div>\n\t\t\t\t<div class=\"elementor-element elementor-element-7f02b6e elementor-button-outline elementor-widget elementor-widget-button\" data-id=\"7f02b6e\" data-element_type=\"widget\" data-widget_type=\"button.default\">\n\t\t\t\t<div class=\"elementor-widget-container\">\n\t\t\t\t\t\t\t\t\t<div class=\"elementor-button-wrapper\">\n\t\t\t\t\t<a class=\"elementor-button elementor-button-link elementor-size-sm\" href=\"\/de\/unsere-zimmer\/\">\n\t\t\t\t\t\t<span class=\"elementor-button-content-wrapper\">\n\t\t\t\t\t\t<span class=\"elementor-button-icon\">\n\t\t\t\t<i aria-hidden=\"true\" class=\"amoja-icon- amoja-icon-arrow-right\"><\/i>\t\t\t<\/span>\n\t\t\t\t\t\t\t\t\t<span class=\"elementor-button-text\">Alle Zimmer ansehen<\/span>\n\t\t\t\t\t<\/span>\n\t\t\t\t\t<\/a>\n\t\t\t\t<\/div>\n\t\t\t\t\t\t\t\t<\/div>\n\t\t\t\t<\/div>\n\t\t\t\t<div class=\"elementor-element elementor-element-66617ad elementor-hidden-mobile elementor-widget-divider--view-line elementor-widget elementor-widget-divider\" data-id=\"66617ad\" data-element_type=\"widget\" data-widget_type=\"divider.default\">\n\t\t\t\t<div class=\"elementor-widget-container\">\n\t\t\t\t\t\t\t<div class=\"elementor-divider\">\n\t\t\t<span class=\"elementor-divider-separator\">\n\t\t\t\t\t\t<\/span>\n\t\t<\/div>\n\t\t\t\t\t\t<\/div>\n\t\t\t\t<\/div>\n\t\t\t\t<\/div>\n\t\t\t\t\t<\/div>\n\t\t\t\t<\/div>\n\t\t<div class=\"elementor-element elementor-element-89175fd e-con-full e-flex e-con e-parent\" data-id=\"89175fd\" data-element_type=\"container\" data-settings=\"{&quot;background_background&quot;:&quot;classic&quot;}\">\n\t\t\t\t<div class=\"elementor-element elementor-element-467ceb0 overflow-to-none elementor-pagination-position-outside elementor-widget elementor-widget-amoja-image-carousel\" data-id=\"467ceb0\" data-element_type=\"widget\" data-settings=\"{&quot;slides_to_show&quot;:&quot;2.8&quot;,&quot;spaceBetween&quot;:{&quot;unit&quot;:&quot;px&quot;,&quot;size&quot;:5,&quot;sizes&quot;:[]},&quot;slides_to_show_mobile&quot;:&quot;1&quot;,&quot;spaceBetween_tablet_extra&quot;:{&quot;unit&quot;:&quot;px&quot;,&quot;size&quot;:5,&quot;sizes&quot;:[]},&quot;spaceBetween_tablet&quot;:{&quot;unit&quot;:&quot;px&quot;,&quot;size&quot;:5,&quot;sizes&quot;:[]},&quot;spaceBetween_mobile&quot;:{&quot;unit&quot;:&quot;px&quot;,&quot;size&quot;:0,&quot;sizes&quot;:[]},&quot;speed&quot;:1000,&quot;slides_to_scroll&quot;:&quot;1&quot;,&quot;infinite&quot;:&quot;no&quot;,&quot;navigation&quot;:&quot;dots&quot;,&quot;autoplay&quot;:&quot;no&quot;,&quot;spaceBetween_laptop&quot;:{&quot;unit&quot;:&quot;px&quot;,&quot;size&quot;:&quot;&quot;,&quot;sizes&quot;:[]},&quot;spaceBetween_mobile_extra&quot;:{&quot;unit&quot;:&quot;px&quot;,&quot;size&quot;:&quot;&quot;,&quot;sizes&quot;:[]},&quot;swiper_overflow&quot;:&quot;none&quot;,&quot;enable_scrollbar&quot;:&quot;no&quot;}\" data-widget_type=\"amoja-image-carousel.default\">\n\t\t\t\t<div class=\"elementor-widget-container\">\n\t\t\t\t\t        <div class=\"amoja-swiper swiper \" dir=\"ltr\">\n\n            <div class=\"swiper-wrapper\">\n                                    <div class=\"image-carousel-item grid-item swiper-slide\">\n                                                <a class=\"elementor-clickable\">\n                            <img decoding=\"async\" src=\"https:\/\/www.capoalpianoelba.it\/wp-content\/uploads\/elementor\/thumbs\/capo-al-piano-BB_camera-brezza-di-mare-20250530-WA0016-1-r772xtrib5o1f2t86txnzzptytj85g0xm94srx614w.jpg\"\n                                 alt=\"Camera Brezza di Mare - Capo al Piano B&amp;B\"\/>\n                            \n                        <\/a>\n                                            <\/div>\n                                    <div class=\"image-carousel-item grid-item swiper-slide\">\n                                                <a class=\"elementor-clickable\">\n                            <img decoding=\"async\" src=\"https:\/\/www.capoalpianoelba.it\/wp-content\/uploads\/elementor\/thumbs\/capo-al-piano-BB_camera-brezza-di-mare-20250530-WA0011-r772xvn6otqm2aqhvuqx4z8r5l9yku8eaifrqh38sg.jpg\"\n                                 alt=\"Camera Brezza di Mare - Capo al Piano B&amp;B\"\/>\n                            \n                        <\/a>\n                                            <\/div>\n                                    <div class=\"image-carousel-item grid-item swiper-slide\">\n                                                <a class=\"elementor-clickable\">\n                            <img decoding=\"async\" src=\"https:\/\/www.capoalpianoelba.it\/wp-content\/uploads\/elementor\/thumbs\/capo-al-piano-BB_camera-brezza-di-mare-20250530-WA0012-r772xvn6otqm2aqhvuqx4z8r5l9yku8eaifrqh38sg.jpg\"\n                                 alt=\"Camera Brezza di Mare - Capo al Piano B&amp;B\"\/>\n                            \n                        <\/a>\n                                            <\/div>\n                                    <div class=\"image-carousel-item grid-item swiper-slide\">\n                                                <a class=\"elementor-clickable\">\n                            <img decoding=\"async\" src=\"https:\/\/www.capoalpianoelba.it\/wp-content\/uploads\/elementor\/thumbs\/capo-al-piano-BB_camera-brezza-di-mare-20250530-WA0014-r772xupchzpbqorv1ccakhhak7eld54nydsa974myo.jpg\"\n                                 alt=\"Camera Brezza di Mare - Capo al Piano B&amp;B\"\/>\n                            \n                        <\/a>\n                                            <\/div>\n                                    <div class=\"image-carousel-item grid-item swiper-slide\">\n                                                <a class=\"elementor-clickable\">\n                            <img decoding=\"async\" src=\"https:\/\/www.capoalpianoelba.it\/wp-content\/uploads\/elementor\/thumbs\/capo-al-piano-BB_camera-brezza-di-mare-20250530-WA0007-r772xwl0vnrwdwp4qd5jph07qz5bsjc4mn397r1um8.jpg\"\n                                 alt=\"Bagno della camera Brezza di Mare - Capo al Piano B&amp;B\"\/>\n                            \n                        <\/a>\n                                            <\/div>\n                                    <div class=\"image-carousel-item grid-item swiper-slide\">\n                                                <a class=\"elementor-clickable\">\n                            <img decoding=\"async\" src=\"https:\/\/www.capoalpianoelba.it\/wp-content\/uploads\/elementor\/thumbs\/capo-al-piano-BB_camera-brezza-di-mare-20230526-WA0035-r772xxiv2ht6pinrkvk69yrocd0p08fuyrqqp10gg0.jpg\"\n                                 alt=\"Area esterna della camera Brezza di Mare - Capo al Piano B&amp;B\"\/>\n                            \n                        <\/a>\n                                            <\/div>\n                \n            <\/div>\n        <\/div>\n                    <div class=\"swiper-pagination\"><\/div>\n                        \t\t\t\t<\/div>\n\t\t\t\t<\/div>\n\t\t\t\t<\/div>\n\t\t\t\t<\/div>\n\t\t","protected":false},"excerpt":{"rendered":"<p>Inspiriert von den Farben des Meeres Zimmer Brezza di Mare 2 G\u00e4ste 1 Doppelbett Ein Zimmer f\u00fcr entspannte Aufenthalte inmitten der Natur Das Zimmer Brezza di Mare, das nachtr\u00e4glich zum urspr\u00fcnglichen Geb\u00e4ude hinzugef\u00fcgt wurde, hebt sich bewusst vom Fr\u00fcchtethema der anderen Zimmer ab \u2013 als Hommage an das Meer, das Marciana Marina ma\u00dfgeblich pr\u00e4gt. Es [&hellip;]<\/p>\n","protected":false},"author":2,"featured_media":0,"parent":8594,"menu_order":0,"comment_status":"closed","ping_status":"closed","template":"","meta":{"inline_featured_image":false,"footnotes":""},"class_list":["post-8662","page","type-page","status-publish","hentry"],"_links":{"self":[{"href":"https:\/\/www.capoalpianoelba.it\/de\/wp-json\/wp\/v2\/pages\/8662","targetHints":{"allow":["GET"]}}],"collection":[{"href":"https:\/\/www.capoalpianoelba.it\/de\/wp-json\/wp\/v2\/pages"}],"about":[{"href":"https:\/\/www.capoalpianoelba.it\/de\/wp-json\/wp\/v2\/types\/page"}],"author":[{"embeddable":true,"href":"https:\/\/www.capoalpianoelba.it\/de\/wp-json\/wp\/v2\/users\/2"}],"replies":[{"embeddable":true,"href":"https:\/\/www.capoalpianoelba.it\/de\/wp-json\/wp\/v2\/comments?post=8662"}],"version-history":[{"count":5,"href":"https:\/\/www.capoalpianoelba.it\/de\/wp-json\/wp\/v2\/pages\/8662\/revisions"}],"predecessor-version":[{"id":9079,"href":"https:\/\/www.capoalpianoelba.it\/de\/wp-json\/wp\/v2\/pages\/8662\/revisions\/9079"}],"up":[{"embeddable":true,"href":"https:\/\/www.capoalpianoelba.it\/de\/wp-json\/wp\/v2\/pages\/8594"}],"wp:attachment":[{"href":"https:\/\/www.capoalpianoelba.it\/de\/wp-json\/wp\/v2\/media?parent=8662"}],"curies":[{"name":"wp","href":"https:\/\/api.w.org\/{rel}","templated":true}]}}