{"id":8656,"date":"2025-06-12T13:22:58","date_gmt":"2025-06-12T11:22:58","guid":{"rendered":"https:\/\/www.capoalpianoelba.it\/unsere-zimmer\/camera-arancia\/"},"modified":"2025-06-24T09:33:22","modified_gmt":"2025-06-24T07:33:22","slug":"zimmer-arancia","status":"publish","type":"page","link":"https:\/\/www.capoalpianoelba.it\/de\/unsere-zimmer\/zimmer-arancia\/","title":{"rendered":"Zimmer Arancia"},"content":{"rendered":"\t\t<div data-elementor-type=\"wp-page\" data-elementor-id=\"8656\" class=\"elementor elementor-8656 elementor-7470\">\n\t\t\t\t<div class=\"elementor-element elementor-element-fc9e551 e-flex e-con-boxed e-con e-parent\" data-id=\"fc9e551\" data-element_type=\"container\" data-settings=\"{&quot;background_background&quot;:&quot;classic&quot;}\">\n\t\t\t\t\t<div class=\"e-con-inner\">\n\t\t<div class=\"elementor-element elementor-element-0881a2e e-con-full e-flex e-con e-child\" data-id=\"0881a2e\" data-element_type=\"container\">\n\t\t\t\t<div class=\"elementor-element elementor-element-48903d9 elementor-widget elementor-widget-heading\" data-id=\"48903d9\" data-element_type=\"widget\" data-widget_type=\"heading.default\">\n\t\t\t\t<div class=\"elementor-widget-container\">\n\t\t\t\t\t<div class=\"elementor-heading-title elementor-size-default\">Hell und mit wundersch\u00f6nem Meerblick<\/div>\t\t\t\t<\/div>\n\t\t\t\t<\/div>\n\t\t\t\t<\/div>\n\t\t\t\t<div class=\"elementor-element elementor-element-f8c70ab animated-fast elementor-invisible elementor-widget elementor-widget-heading\" data-id=\"f8c70ab\" data-element_type=\"widget\" data-settings=\"{&quot;_animation&quot;:&quot;opal-move-up&quot;}\" data-widget_type=\"heading.default\">\n\t\t\t\t<div class=\"elementor-widget-container\">\n\t\t\t\t\t<h1 class=\"elementor-heading-title elementor-size-default\">Zimmer Arancia<\/h1>\t\t\t\t<\/div>\n\t\t\t\t<\/div>\n\t\t<div class=\"elementor-element elementor-element-4abca55 e-con-full e-grid e-con e-child\" data-id=\"4abca55\" data-element_type=\"container\">\n\t\t\t\t<div class=\"elementor-element elementor-element-f8d1bc9 elementor-position-left elementor-vertical-align-middle elementor-widget elementor-widget-image-box\" data-id=\"f8d1bc9\" data-element_type=\"widget\" data-widget_type=\"image-box.default\">\n\t\t\t\t<div class=\"elementor-widget-container\">\n\t\t\t\t\t<div class=\"elementor-image-box-wrapper\"><figure class=\"elementor-image-box-img\"><img fetchpriority=\"high\" decoding=\"async\" width=\"512\" height=\"512\" src=\"https:\/\/www.capoalpianoelba.it\/wp-content\/uploads\/2025\/06\/people.png\" class=\"attachment-full size-full wp-image-6898\" alt=\"\" srcset=\"https:\/\/www.capoalpianoelba.it\/wp-content\/uploads\/2025\/06\/people.png 512w, https:\/\/www.capoalpianoelba.it\/wp-content\/uploads\/2025\/06\/people-300x300.png 300w, https:\/\/www.capoalpianoelba.it\/wp-content\/uploads\/2025\/06\/people-150x150.png 150w, https:\/\/www.capoalpianoelba.it\/wp-content\/uploads\/2025\/06\/people-500x500.png 500w\" sizes=\"(max-width: 512px) 100vw, 512px\" \/><\/figure><div class=\"elementor-image-box-content\"><p class=\"elementor-image-box-description\">2 G\u00e4ste<\/p><\/div><\/div>\t\t\t\t<\/div>\n\t\t\t\t<\/div>\n\t\t\t\t<div class=\"elementor-element elementor-element-8d9bb87 elementor-position-left elementor-vertical-align-middle elementor-widget elementor-widget-image-box\" data-id=\"8d9bb87\" data-element_type=\"widget\" data-widget_type=\"image-box.default\">\n\t\t\t\t<div class=\"elementor-widget-container\">\n\t\t\t\t\t<div class=\"elementor-image-box-wrapper\"><figure class=\"elementor-image-box-img\"><img decoding=\"async\" width=\"512\" height=\"512\" src=\"https:\/\/www.capoalpianoelba.it\/wp-content\/uploads\/2025\/06\/bed.png\" class=\"attachment-full size-full wp-image-6501\" alt=\"\" srcset=\"https:\/\/www.capoalpianoelba.it\/wp-content\/uploads\/2025\/06\/bed.png 512w, https:\/\/www.capoalpianoelba.it\/wp-content\/uploads\/2025\/06\/bed-300x300.png 300w, https:\/\/www.capoalpianoelba.it\/wp-content\/uploads\/2025\/06\/bed-150x150.png 150w, https:\/\/www.capoalpianoelba.it\/wp-content\/uploads\/2025\/06\/bed-500x500.png 500w\" sizes=\"(max-width: 512px) 100vw, 512px\" \/><\/figure><div class=\"elementor-image-box-content\"><p class=\"elementor-image-box-description\">1 Doppelbett<\/p><\/div><\/div>\t\t\t\t<\/div>\n\t\t\t\t<\/div>\n\t\t\t\t<\/div>\n\t\t\t\t<div class=\"elementor-element elementor-element-04c6fbb animated-fast elementor-invisible elementor-widget elementor-widget-text-editor\" data-id=\"04c6fbb\" data-element_type=\"widget\" data-settings=\"{&quot;_animation&quot;:&quot;opal-move-up&quot;,&quot;_animation_delay&quot;:300}\" data-widget_type=\"text-editor.default\">\n\t\t\t\t<div class=\"elementor-widget-container\">\n\t\t\t\t\t\t\t\t\tEin Zimmer, inspiriert von den warmen und einladenden Farben der Insel\t\t\t\t\t\t\t\t<\/div>\n\t\t\t\t<\/div>\n\t\t\t\t<div class=\"elementor-element elementor-element-8d7286e elementor-widget elementor-widget-text-editor\" data-id=\"8d7286e\" data-element_type=\"widget\" data-widget_type=\"text-editor.default\">\n\t\t\t\t<div class=\"elementor-widget-container\">\n\t\t\t\t\t\t\t\t\t<p>Das Zimmer Arancia ist ein Doppelzimmer im ersten Stock, das sowohl \u00fcber einen separaten Au\u00dfenzugang als auch \u00fcber das Innere der Unterkunft erreichbar ist.<\/p><p>Hell und einladend, ist es in warmen Oranget\u00f6nen eingerichtet, mit liebevollen Details, die an die Orange erinnern \u2013 die Frucht, der das Zimmer gewidmet ist.<\/p><p>Es verf\u00fcgt \u00fcber ein bequemes Doppelbett, einen Sessel, einen kleinen Tisch mit Stuhl, eine begehbare Garderobe, SAT-TV, Klimaanlage, Kofferablage und Minibar.<\/p><p>Das private Bad mit Fenster ist mit Dusche und Wandhaartrockner ausgestattet.<\/p><p>Ein gro\u00dfes Fenster bietet einen herrlichen Blick auf das Meer und das Dorf Marciana Marina.<\/p>\t\t\t\t\t\t\t\t<\/div>\n\t\t\t\t<\/div>\n\t\t<div class=\"elementor-element elementor-element-48aa5b2 e-con-full e-flex e-con e-child\" data-id=\"48aa5b2\" data-element_type=\"container\">\n\t\t\t\t<div class=\"elementor-element elementor-element-3fc18f4 elementor-button-outline elementor-widget elementor-widget-button\" data-id=\"3fc18f4\" data-element_type=\"widget\" data-widget_type=\"button.default\">\n\t\t\t\t<div class=\"elementor-widget-container\">\n\t\t\t\t\t\t\t\t\t<div class=\"elementor-button-wrapper\">\n\t\t\t\t\t<a class=\"elementor-button elementor-button-link elementor-size-sm\" href=\"\/de\/kontakte\/\">\n\t\t\t\t\t\t<span class=\"elementor-button-content-wrapper\">\n\t\t\t\t\t\t<span class=\"elementor-button-icon\">\n\t\t\t\t<i aria-hidden=\"true\" class=\"amoja-icon- amoja-icon-arrow-right\"><\/i>\t\t\t<\/span>\n\t\t\t\t\t\t\t\t\t<span class=\"elementor-button-text\">Buchen<\/span>\n\t\t\t\t\t<\/span>\n\t\t\t\t\t<\/a>\n\t\t\t\t<\/div>\n\t\t\t\t\t\t\t\t<\/div>\n\t\t\t\t<\/div>\n\t\t\t\t<div class=\"elementor-element elementor-element-bb57c99 elementor-button-outline elementor-widget elementor-widget-button\" data-id=\"bb57c99\" data-element_type=\"widget\" data-widget_type=\"button.default\">\n\t\t\t\t<div class=\"elementor-widget-container\">\n\t\t\t\t\t\t\t\t\t<div class=\"elementor-button-wrapper\">\n\t\t\t\t\t<a class=\"elementor-button elementor-button-link elementor-size-sm\" href=\"\/de\/unsere-zimmer\/\">\n\t\t\t\t\t\t<span class=\"elementor-button-content-wrapper\">\n\t\t\t\t\t\t<span class=\"elementor-button-icon\">\n\t\t\t\t<i aria-hidden=\"true\" class=\"amoja-icon- amoja-icon-arrow-right\"><\/i>\t\t\t<\/span>\n\t\t\t\t\t\t\t\t\t<span class=\"elementor-button-text\">Alle Zimmer ansehen<\/span>\n\t\t\t\t\t<\/span>\n\t\t\t\t\t<\/a>\n\t\t\t\t<\/div>\n\t\t\t\t\t\t\t\t<\/div>\n\t\t\t\t<\/div>\n\t\t\t\t<div class=\"elementor-element elementor-element-d11e86a elementor-hidden-mobile elementor-widget-divider--view-line elementor-widget elementor-widget-divider\" data-id=\"d11e86a\" data-element_type=\"widget\" data-widget_type=\"divider.default\">\n\t\t\t\t<div class=\"elementor-widget-container\">\n\t\t\t\t\t\t\t<div class=\"elementor-divider\">\n\t\t\t<span class=\"elementor-divider-separator\">\n\t\t\t\t\t\t<\/span>\n\t\t<\/div>\n\t\t\t\t\t\t<\/div>\n\t\t\t\t<\/div>\n\t\t\t\t<\/div>\n\t\t\t\t\t<\/div>\n\t\t\t\t<\/div>\n\t\t<div class=\"elementor-element elementor-element-89175fd e-con-full e-flex e-con e-parent\" data-id=\"89175fd\" data-element_type=\"container\" data-settings=\"{&quot;background_background&quot;:&quot;classic&quot;}\">\n\t\t\t\t<div class=\"elementor-element elementor-element-467ceb0 overflow-to-none elementor-pagination-position-outside elementor-widget elementor-widget-amoja-image-carousel\" data-id=\"467ceb0\" data-element_type=\"widget\" data-settings=\"{&quot;slides_to_show&quot;:&quot;2.8&quot;,&quot;spaceBetween&quot;:{&quot;unit&quot;:&quot;px&quot;,&quot;size&quot;:5,&quot;sizes&quot;:[]},&quot;slides_to_show_mobile&quot;:&quot;1&quot;,&quot;spaceBetween_tablet_extra&quot;:{&quot;unit&quot;:&quot;px&quot;,&quot;size&quot;:5,&quot;sizes&quot;:[]},&quot;spaceBetween_tablet&quot;:{&quot;unit&quot;:&quot;px&quot;,&quot;size&quot;:5,&quot;sizes&quot;:[]},&quot;spaceBetween_mobile&quot;:{&quot;unit&quot;:&quot;px&quot;,&quot;size&quot;:0,&quot;sizes&quot;:[]},&quot;speed&quot;:1000,&quot;slides_to_scroll&quot;:&quot;1&quot;,&quot;infinite&quot;:&quot;no&quot;,&quot;navigation&quot;:&quot;dots&quot;,&quot;autoplay&quot;:&quot;no&quot;,&quot;spaceBetween_laptop&quot;:{&quot;unit&quot;:&quot;px&quot;,&quot;size&quot;:&quot;&quot;,&quot;sizes&quot;:[]},&quot;spaceBetween_mobile_extra&quot;:{&quot;unit&quot;:&quot;px&quot;,&quot;size&quot;:&quot;&quot;,&quot;sizes&quot;:[]},&quot;swiper_overflow&quot;:&quot;none&quot;,&quot;enable_scrollbar&quot;:&quot;no&quot;}\" data-widget_type=\"amoja-image-carousel.default\">\n\t\t\t\t<div class=\"elementor-widget-container\">\n\t\t\t\t\t        <div class=\"amoja-swiper swiper \" dir=\"ltr\">\n\n            <div class=\"swiper-wrapper\">\n                                    <div class=\"image-carousel-item grid-item swiper-slide\">\n                                                <a class=\"elementor-clickable\">\n                            <img decoding=\"async\" src=\"https:\/\/www.capoalpianoelba.it\/wp-content\/uploads\/elementor\/thumbs\/capo-al-piano-BB_camera-arancia_1747484822331-1-r773pnrgojrp7edrnv1ytyv77kci2siss0kecvwcw0.jpg\"\n                                 alt=\"Camera Arancia con vista su Marciana Marina - Capo al Piano B&amp;B\"\/>\n                            \n                        <\/a>\n                                            <\/div>\n                                    <div class=\"image-carousel-item grid-item swiper-slide\">\n                                                <a class=\"elementor-clickable\">\n                            <img decoding=\"async\" src=\"https:\/\/www.capoalpianoelba.it\/wp-content\/uploads\/elementor\/thumbs\/capo-al-piano-BB_camera-arancia_1747484822403-r773popavdszj0ceidglegmnsy7vahmj457vu5uyps.jpg\"\n                                 alt=\"Camera Arancia con vista su Marciana Marina - Capo al Piano B&amp;B\"\/>\n                            \n                        <\/a>\n                                            <\/div>\n                                    <div class=\"image-carousel-item grid-item swiper-slide\">\n                                                <a class=\"elementor-clickable\">\n                            <img decoding=\"async\" src=\"https:\/\/www.capoalpianoelba.it\/wp-content\/uploads\/elementor\/thumbs\/capo-al-piano-BB_camera-arancia_1747484822346-r773ppn527u9umb1cvv7yye4ec38i6q9g9vdbftkjk.jpg\"\n                                 alt=\"Camera Arancia - Capo al Piano B&amp;B\"\/>\n                            \n                        <\/a>\n                                            <\/div>\n                                    <div class=\"image-carousel-item grid-item swiper-slide\">\n                                                <a class=\"elementor-clickable\">\n                            <img decoding=\"async\" src=\"https:\/\/www.capoalpianoelba.it\/wp-content\/uploads\/elementor\/thumbs\/capo-al-piano-BB_camera-arancia_1747484822269-r773pqkz91vk689o7e9ujg5kzpylpvtzseiusps6dc.jpg\"\n                                 alt=\"Camera Arancia - Capo al Piano B&amp;B\"\/>\n                            \n                        <\/a>\n                                            <\/div>\n                                    <div class=\"image-carousel-item grid-item swiper-slide\">\n                                                <a class=\"elementor-clickable\">\n                            <img decoding=\"async\" src=\"https:\/\/www.capoalpianoelba.it\/wp-content\/uploads\/elementor\/thumbs\/capo-al-piano-BB_camera-arancia-20230526-WA0049-r773pritfvwuhu8b1woh3xx1l3tyxkxq4j6c9zqs74.jpg\"\n                                 alt=\"Camera Arancia - Capo al Piano B&amp;B\"\/>\n                            \n                        <\/a>\n                                            <\/div>\n                                    <div class=\"image-carousel-item grid-item swiper-slide\">\n                                                <a class=\"elementor-clickable\">\n                            <img decoding=\"async\" src=\"https:\/\/www.capoalpianoelba.it\/wp-content\/uploads\/elementor\/thumbs\/capo-al-piano-BB_camera-arancia_1747484822447-r773psgnmpy4tg6xwf33ofoi6hpc5a1ggnttr9pe0w.jpg\"\n                                 alt=\"Camera Arancia - Capo al Piano B&amp;B\"\/>\n                            \n                        <\/a>\n                                            <\/div>\n                                    <div class=\"image-carousel-item grid-item swiper-slide\">\n                                                <a class=\"elementor-clickable\">\n                            <img decoding=\"async\" src=\"https:\/\/www.capoalpianoelba.it\/wp-content\/uploads\/elementor\/thumbs\/capo-al-piano-BB_camera-arancia-20230526-WA0045-r773ptehtjzf525kqxhq8xfyrvkpcz56sshb8jnzuo.jpg\"\n                                 alt=\"Bagno della camera Arancia - Capo al Piano B&amp;B\"\/>\n                            \n                        <\/a>\n                                            <\/div>\n                \n            <\/div>\n        <\/div>\n                    <div class=\"swiper-pagination\"><\/div>\n                        \t\t\t\t<\/div>\n\t\t\t\t<\/div>\n\t\t\t\t<\/div>\n\t\t\t\t<\/div>\n\t\t","protected":false},"excerpt":{"rendered":"<p>Hell und mit wundersch\u00f6nem Meerblick Zimmer Arancia 2 G\u00e4ste 1 Doppelbett Ein Zimmer, inspiriert von den warmen und einladenden Farben der Insel Das Zimmer Arancia ist ein Doppelzimmer im ersten Stock, das sowohl \u00fcber einen separaten Au\u00dfenzugang als auch \u00fcber das Innere der Unterkunft erreichbar ist. Hell und einladend, ist es in warmen Oranget\u00f6nen eingerichtet, [&hellip;]<\/p>\n","protected":false},"author":2,"featured_media":0,"parent":8594,"menu_order":0,"comment_status":"closed","ping_status":"closed","template":"","meta":{"inline_featured_image":false,"footnotes":""},"class_list":["post-8656","page","type-page","status-publish","hentry"],"_links":{"self":[{"href":"https:\/\/www.capoalpianoelba.it\/de\/wp-json\/wp\/v2\/pages\/8656","targetHints":{"allow":["GET"]}}],"collection":[{"href":"https:\/\/www.capoalpianoelba.it\/de\/wp-json\/wp\/v2\/pages"}],"about":[{"href":"https:\/\/www.capoalpianoelba.it\/de\/wp-json\/wp\/v2\/types\/page"}],"author":[{"embeddable":true,"href":"https:\/\/www.capoalpianoelba.it\/de\/wp-json\/wp\/v2\/users\/2"}],"replies":[{"embeddable":true,"href":"https:\/\/www.capoalpianoelba.it\/de\/wp-json\/wp\/v2\/comments?post=8656"}],"version-history":[{"count":5,"href":"https:\/\/www.capoalpianoelba.it\/de\/wp-json\/wp\/v2\/pages\/8656\/revisions"}],"predecessor-version":[{"id":9085,"href":"https:\/\/www.capoalpianoelba.it\/de\/wp-json\/wp\/v2\/pages\/8656\/revisions\/9085"}],"up":[{"embeddable":true,"href":"https:\/\/www.capoalpianoelba.it\/de\/wp-json\/wp\/v2\/pages\/8594"}],"wp:attachment":[{"href":"https:\/\/www.capoalpianoelba.it\/de\/wp-json\/wp\/v2\/media?parent=8656"}],"curies":[{"name":"wp","href":"https:\/\/api.w.org\/{rel}","templated":true}]}}